{"id":1782,"date":"2023-02-28T16:15:58","date_gmt":"2023-02-28T16:15:58","guid":{"rendered":"https:\/\/sharpindustrial.es\/?post_type=product&#038;p=1782"},"modified":"2023-02-28T16:18:15","modified_gmt":"2023-02-28T16:18:15","slug":"high-performance-turbine","status":"publish","type":"product","link":"https:\/\/sharpindustrial.es\/ru\/product\/high-performance-turbine\/","title":{"rendered":"High performance turbine impeller &#8211; ventiladores para transporte neum\u00e1tico de material"},"content":{"rendered":"","protected":false},"excerpt":{"rendered":"<p>Este tipo de m\u00e1quina tiene como objetivo el transporte neum\u00e1tico de material. En Sharp Industrial se fabrican de distintas potencias, tanto el ventilador en s\u00ed, como sus accesorios, siendo el caballo de fuerza (HP) la unidad de medici\u00f3n. Se fabrican y comercializan tambi\u00e9n todo tipo de rodetes.<\/p>","protected":false},"featured_media":1783,"template":"","meta":[],"product_brand":[],"product_cat":[37,26],"product_tag":[],"class_list":{"0":"post-1782","1":"product","2":"type-product","3":"status-publish","4":"has-post-thumbnail","6":"product_cat-cribas-parrillas","7":"product_cat-cuchillas-molino","9":"first","10":"instock","11":"shipping-taxable","12":"product-type-simple"},"yoast_head":"<!-- This site is optimized with the Yoast SEO plugin v27.3 - https:\/\/yoast.com\/product\/yoast-seo-wordpress\/ -->\n<title>High performance turbine impeller - ventiladores para transporte neum\u00e1tico de material - SHARP INDUSTRIAL knives and spare parts<\/title>\n<meta name=\"description\" content=\"Ventilador - turbina. Este tipo de m\u00e1quina tiene como objetivo el transporte neum\u00e1tico de material. En Sharp Industrial se fabrican de distintas potencias, tanto el ventilador en s\u00ed, como sus accesorios, siendo el caballo de fuerza (HP) la unidad de medici\u00f3n. Se fabrican y comercializan tambi\u00e9n todo tipo de rodetes.\" \/>\n<meta name=\"robots\" content=\"index, follow, max-snippet:-1, max-image-preview:large, max-video-preview:-1\" \/>\n<link rel=\"canonical\" href=\"https:\/\/sharpindustrial.es\/ru\/product\/high-performance-turbine\/\" \/>\n<meta property=\"og:locale\" content=\"ru_RU\" \/>\n<meta property=\"og:type\" content=\"article\" \/>\n<meta property=\"og:title\" content=\"High performance turbine impeller - ventiladores para transporte neum\u00e1tico de material - SHARP INDUSTRIAL knives and spare parts\" \/>\n<meta property=\"og:description\" content=\"Ventilador - turbina. Este tipo de m\u00e1quina tiene como objetivo el transporte neum\u00e1tico de material. En Sharp Industrial se fabrican de distintas potencias, tanto el ventilador en s\u00ed, como sus accesorios, siendo el caballo de fuerza (HP) la unidad de medici\u00f3n. Se fabrican y comercializan tambi\u00e9n todo tipo de rodetes.\" \/>\n<meta property=\"og:url\" content=\"https:\/\/sharpindustrial.es\/ru\/product\/high-performance-turbine\/\" \/>\n<meta property=\"og:site_name\" content=\"SHARP INDUSTRIAL knives and spare parts\" \/>\n<meta property=\"article:publisher\" content=\"https:\/\/www.facebook.com\/profile.php?id=100075865576261\" \/>\n<meta property=\"article:modified_time\" content=\"2023-02-28T16:18:15+00:00\" \/>\n<meta property=\"og:image\" content=\"http:\/\/sharpindustrial.es\/wp-content\/uploads\/2023\/02\/High-performance-turbine-impeller.png\" \/>\n\t<meta property=\"og:image:width\" content=\"2500\" \/>\n\t<meta property=\"og:image:height\" content=\"2500\" \/>\n\t<meta property=\"og:image:type\" content=\"image\/png\" \/>\n<meta name=\"twitter:card\" content=\"summary_large_image\" \/>\n<script type=\"application\/ld+json\" class=\"yoast-schema-graph\">{\"@context\":\"https:\\\/\\\/schema.org\",\"@graph\":[{\"@type\":\"WebPage\",\"@id\":\"https:\\\/\\\/sharpindustrial.es\\\/producto\\\/high-performance-turbine\\\/\",\"url\":\"https:\\\/\\\/sharpindustrial.es\\\/producto\\\/high-performance-turbine\\\/\",\"name\":\"High performance turbine impeller - ventiladores para transporte neum\u00e1tico de material - SHARP INDUSTRIAL knives and spare parts\",\"isPartOf\":{\"@id\":\"https:\\\/\\\/sharpindustrial.es\\\/#website\"},\"primaryImageOfPage\":{\"@id\":\"https:\\\/\\\/sharpindustrial.es\\\/producto\\\/high-performance-turbine\\\/#primaryimage\"},\"image\":{\"@id\":\"https:\\\/\\\/sharpindustrial.es\\\/producto\\\/high-performance-turbine\\\/#primaryimage\"},\"thumbnailUrl\":\"https:\\\/\\\/sharpindustrial.es\\\/wp-content\\\/uploads\\\/2023\\\/02\\\/High-performance-turbine-impeller.png\",\"datePublished\":\"2023-02-28T16:15:58+00:00\",\"dateModified\":\"2023-02-28T16:18:15+00:00\",\"description\":\"Ventilador - turbina. Este tipo de m\u00e1quina tiene como objetivo el transporte neum\u00e1tico de material. En Sharp Industrial se fabrican de distintas potencias, tanto el ventilador en s\u00ed, como sus accesorios, siendo el caballo de fuerza (HP) la unidad de medici\u00f3n. Se fabrican y comercializan tambi\u00e9n todo tipo de rodetes.\",\"breadcrumb\":{\"@id\":\"https:\\\/\\\/sharpindustrial.es\\\/producto\\\/high-performance-turbine\\\/#breadcrumb\"},\"inLanguage\":\"ru-RU\",\"potentialAction\":[{\"@type\":\"ReadAction\",\"target\":[\"https:\\\/\\\/sharpindustrial.es\\\/producto\\\/high-performance-turbine\\\/\"]}]},{\"@type\":\"ImageObject\",\"inLanguage\":\"ru-RU\",\"@id\":\"https:\\\/\\\/sharpindustrial.es\\\/producto\\\/high-performance-turbine\\\/#primaryimage\",\"url\":\"https:\\\/\\\/sharpindustrial.es\\\/wp-content\\\/uploads\\\/2023\\\/02\\\/High-performance-turbine-impeller.png\",\"contentUrl\":\"https:\\\/\\\/sharpindustrial.es\\\/wp-content\\\/uploads\\\/2023\\\/02\\\/High-performance-turbine-impeller.png\",\"width\":2500,\"height\":2500},{\"@type\":\"BreadcrumbList\",\"@id\":\"https:\\\/\\\/sharpindustrial.es\\\/producto\\\/high-performance-turbine\\\/#breadcrumb\",\"itemListElement\":[{\"@type\":\"ListItem\",\"position\":1,\"name\":\"Portada\",\"item\":\"https:\\\/\\\/sharpindustrial.es\\\/\"},{\"@type\":\"ListItem\",\"position\":2,\"name\":\"REPUESTOS\",\"item\":\"https:\\\/\\\/sharpindustrial.es\\\/repuestos\\\/\"},{\"@type\":\"ListItem\",\"position\":3,\"name\":\"High performance turbine impeller &#8211; ventiladores para transporte neum\u00e1tico de material\"}]},{\"@type\":\"WebSite\",\"@id\":\"https:\\\/\\\/sharpindustrial.es\\\/#website\",\"url\":\"https:\\\/\\\/sharpindustrial.es\\\/\",\"name\":\"SHARP INDUSTRIAL knives and spare parts\",\"description\":\"Cuchillas industriales y repuestos, Industrial knives and machine blades, spare parts\",\"publisher\":{\"@id\":\"https:\\\/\\\/sharpindustrial.es\\\/#organization\"},\"potentialAction\":[{\"@type\":\"SearchAction\",\"target\":{\"@type\":\"EntryPoint\",\"urlTemplate\":\"https:\\\/\\\/sharpindustrial.es\\\/?s={search_term_string}\"},\"query-input\":{\"@type\":\"PropertyValueSpecification\",\"valueRequired\":true,\"valueName\":\"search_term_string\"}}],\"inLanguage\":\"ru-RU\"},{\"@type\":\"Organization\",\"@id\":\"https:\\\/\\\/sharpindustrial.es\\\/#organization\",\"name\":\"SHARP INDUSTRIAL\",\"url\":\"https:\\\/\\\/sharpindustrial.es\\\/\",\"logo\":{\"@type\":\"ImageObject\",\"inLanguage\":\"ru-RU\",\"@id\":\"https:\\\/\\\/sharpindustrial.es\\\/#\\\/schema\\\/logo\\\/image\\\/\",\"url\":\"https:\\\/\\\/sharpindustrial.es\\\/wp-content\\\/uploads\\\/2023\\\/03\\\/cuchillas-para-reciclado-industrial-knives-recycling.webp\",\"contentUrl\":\"https:\\\/\\\/sharpindustrial.es\\\/wp-content\\\/uploads\\\/2023\\\/03\\\/cuchillas-para-reciclado-industrial-knives-recycling.webp\",\"width\":800,\"height\":800,\"caption\":\"SHARP INDUSTRIAL\"},\"image\":{\"@id\":\"https:\\\/\\\/sharpindustrial.es\\\/#\\\/schema\\\/logo\\\/image\\\/\"},\"sameAs\":[\"https:\\\/\\\/www.facebook.com\\\/profile.php?id=100075865576261\",\"https:\\\/\\\/www.linkedin.com\\\/company\\\/sharpindustrial\\\/?originalSubdomain=es\"]}]}<\/script>\n<!-- \/ Yoast SEO plugin. -->","yoast_head_json":{"title":"High performance turbine impeller - ventiladores para transporte neum\u00e1tico de material - SHARP INDUSTRIAL knives and spare parts","description":"Ventilador - turbina. Este tipo de m\u00e1quina tiene como objetivo el transporte neum\u00e1tico de material. En Sharp Industrial se fabrican de distintas potencias, tanto el ventilador en s\u00ed, como sus accesorios, siendo el caballo de fuerza (HP) la unidad de medici\u00f3n. Se fabrican y comercializan tambi\u00e9n todo tipo de rodetes.","robots":{"index":"index","follow":"follow","max-snippet":"max-snippet:-1","max-image-preview":"max-image-preview:large","max-video-preview":"max-video-preview:-1"},"canonical":"https:\/\/sharpindustrial.es\/ru\/product\/high-performance-turbine\/","og_locale":"ru_RU","og_type":"article","og_title":"High performance turbine impeller - ventiladores para transporte neum\u00e1tico de material - SHARP INDUSTRIAL knives and spare parts","og_description":"Ventilador - turbina. Este tipo de m\u00e1quina tiene como objetivo el transporte neum\u00e1tico de material. En Sharp Industrial se fabrican de distintas potencias, tanto el ventilador en s\u00ed, como sus accesorios, siendo el caballo de fuerza (HP) la unidad de medici\u00f3n. Se fabrican y comercializan tambi\u00e9n todo tipo de rodetes.","og_url":"https:\/\/sharpindustrial.es\/ru\/product\/high-performance-turbine\/","og_site_name":"SHARP INDUSTRIAL knives and spare parts","article_publisher":"https:\/\/www.facebook.com\/profile.php?id=100075865576261","article_modified_time":"2023-02-28T16:18:15+00:00","og_image":[{"width":2500,"height":2500,"url":"http:\/\/sharpindustrial.es\/wp-content\/uploads\/2023\/02\/High-performance-turbine-impeller.png","type":"image\/png"}],"twitter_card":"summary_large_image","schema":{"@context":"https:\/\/schema.org","@graph":[{"@type":"WebPage","@id":"https:\/\/sharpindustrial.es\/producto\/high-performance-turbine\/","url":"https:\/\/sharpindustrial.es\/producto\/high-performance-turbine\/","name":"High performance turbine impeller - ventiladores para transporte neum\u00e1tico de material - SHARP INDUSTRIAL knives and spare parts","isPartOf":{"@id":"https:\/\/sharpindustrial.es\/#website"},"primaryImageOfPage":{"@id":"https:\/\/sharpindustrial.es\/producto\/high-performance-turbine\/#primaryimage"},"image":{"@id":"https:\/\/sharpindustrial.es\/producto\/high-performance-turbine\/#primaryimage"},"thumbnailUrl":"https:\/\/sharpindustrial.es\/wp-content\/uploads\/2023\/02\/High-performance-turbine-impeller.png","datePublished":"2023-02-28T16:15:58+00:00","dateModified":"2023-02-28T16:18:15+00:00","description":"Ventilador - turbina. Este tipo de m\u00e1quina tiene como objetivo el transporte neum\u00e1tico de material. En Sharp Industrial se fabrican de distintas potencias, tanto el ventilador en s\u00ed, como sus accesorios, siendo el caballo de fuerza (HP) la unidad de medici\u00f3n. Se fabrican y comercializan tambi\u00e9n todo tipo de rodetes.","breadcrumb":{"@id":"https:\/\/sharpindustrial.es\/producto\/high-performance-turbine\/#breadcrumb"},"inLanguage":"ru-RU","potentialAction":[{"@type":"ReadAction","target":["https:\/\/sharpindustrial.es\/producto\/high-performance-turbine\/"]}]},{"@type":"ImageObject","inLanguage":"ru-RU","@id":"https:\/\/sharpindustrial.es\/producto\/high-performance-turbine\/#primaryimage","url":"https:\/\/sharpindustrial.es\/wp-content\/uploads\/2023\/02\/High-performance-turbine-impeller.png","contentUrl":"https:\/\/sharpindustrial.es\/wp-content\/uploads\/2023\/02\/High-performance-turbine-impeller.png","width":2500,"height":2500},{"@type":"BreadcrumbList","@id":"https:\/\/sharpindustrial.es\/producto\/high-performance-turbine\/#breadcrumb","itemListElement":[{"@type":"ListItem","position":1,"name":"Portada","item":"https:\/\/sharpindustrial.es\/"},{"@type":"ListItem","position":2,"name":"REPUESTOS","item":"https:\/\/sharpindustrial.es\/repuestos\/"},{"@type":"ListItem","position":3,"name":"High performance turbine impeller &#8211; ventiladores para transporte neum\u00e1tico de material"}]},{"@type":"WebSite","@id":"https:\/\/sharpindustrial.es\/#website","url":"https:\/\/sharpindustrial.es\/","name":"SHARP INDUSTRIAL knives and spare parts","description":"Cuchillas industriales y repuestos, Industrial knives and machine blades, spare parts","publisher":{"@id":"https:\/\/sharpindustrial.es\/#organization"},"potentialAction":[{"@type":"SearchAction","target":{"@type":"EntryPoint","urlTemplate":"https:\/\/sharpindustrial.es\/?s={search_term_string}"},"query-input":{"@type":"PropertyValueSpecification","valueRequired":true,"valueName":"search_term_string"}}],"inLanguage":"ru-RU"},{"@type":"Organization","@id":"https:\/\/sharpindustrial.es\/#organization","name":"SHARP INDUSTRIAL","url":"https:\/\/sharpindustrial.es\/","logo":{"@type":"ImageObject","inLanguage":"ru-RU","@id":"https:\/\/sharpindustrial.es\/#\/schema\/logo\/image\/","url":"https:\/\/sharpindustrial.es\/wp-content\/uploads\/2023\/03\/cuchillas-para-reciclado-industrial-knives-recycling.webp","contentUrl":"https:\/\/sharpindustrial.es\/wp-content\/uploads\/2023\/03\/cuchillas-para-reciclado-industrial-knives-recycling.webp","width":800,"height":800,"caption":"SHARP INDUSTRIAL"},"image":{"@id":"https:\/\/sharpindustrial.es\/#\/schema\/logo\/image\/"},"sameAs":["https:\/\/www.facebook.com\/profile.php?id=100075865576261","https:\/\/www.linkedin.com\/company\/sharpindustrial\/?originalSubdomain=es"]}]}},"_links":{"self":[{"href":"https:\/\/sharpindustrial.es\/ru\/wp-json\/wp\/v2\/product\/1782","targetHints":{"allow":["GET"]}}],"collection":[{"href":"https:\/\/sharpindustrial.es\/ru\/wp-json\/wp\/v2\/product"}],"about":[{"href":"https:\/\/sharpindustrial.es\/ru\/wp-json\/wp\/v2\/types\/product"}],"wp:featuredmedia":[{"embeddable":true,"href":"https:\/\/sharpindustrial.es\/ru\/wp-json\/wp\/v2\/media\/1783"}],"wp:attachment":[{"href":"https:\/\/sharpindustrial.es\/ru\/wp-json\/wp\/v2\/media?parent=1782"}],"wp:term":[{"taxonomy":"product_brand","embeddable":true,"href":"https:\/\/sharpindustrial.es\/ru\/wp-json\/wp\/v2\/product_brand?post=1782"},{"taxonomy":"product_cat","embeddable":true,"href":"https:\/\/sharpindustrial.es\/ru\/wp-json\/wp\/v2\/product_cat?post=1782"},{"taxonomy":"product_tag","embeddable":true,"href":"https:\/\/sharpindustrial.es\/ru\/wp-json\/wp\/v2\/product_tag?post=1782"}],"curies":[{"name":"wp","href":"https:\/\/api.w.org\/{rel}","templated":true}]}}