{"id":364,"date":"2022-02-14T12:05:56","date_gmt":"2022-02-14T12:05:56","guid":{"rendered":"https:\/\/sharpindustrial.es\/?page_id=364"},"modified":"2023-03-30T10:45:26","modified_gmt":"2023-03-30T10:45:26","slug":"afilados","status":"publish","type":"page","link":"https:\/\/sharpindustrial.es\/ru\/afilados\/","title":{"rendered":"\u0417\u0410\u0422\u041e\u0427\u041a\u0410"},"content":{"rendered":"<section class=\"section has-parallax\" id=\"section_927343329\">\n\t\t<div class=\"bg section-bg fill bg-fill\" data-parallax-container=\".section\" data-parallax-background data-parallax=\"-6\">\n\n\t\t\t\n\t\t\t<div class=\"section-bg-overlay absolute fill\"><\/div>\n\t\t\t\n\n\t\t<\/div>\n\n\t\t<div class=\"section-content relative\">\n\t\t\t\n<div class=\"row align-center\"  id=\"row-754016608\">\n\n\t<div class=\"col medium-10 small-12 large-10\"  >\n\t\t<div class=\"col-inner text-center\"  >\n\t\t\t\n\t\t\t\n<h2 class=\"uppercase\" style=\"text-align: center;\" data-padding=\"10px\"><em><strong><span style=\"font-size: 100%;\" data-text-color=\"secondary\" data-line-height=\"s\">afilado de cuchillas industriales<\/span><\/strong><\/em><\/h2>\n<h4><span style=\"color: #ffffff;\">El rendimiento de la m\u00e1quina, depende en gran medida del buen estado de las cuchillas, unas cuchillas desgastadas o mal afiladas, reducen la producci\u00f3n e incrementan sensiblemente el consumo de energ\u00eda. <\/span><\/h4>\n<h4><span style=\"color: #ffffff;\">Mantener las cuchillas en buen estado le ayudar\u00e1 a reducir costes tanto energ\u00e9ticos como de mantenimiento. Como fabricantes que somos, el afilado de sus cuchillas se realiza con todas las garant\u00edas para que las cuchillas queden como nuevas, utilizando una adecuada refrigeraci\u00f3n, obteniendo una uniformidad dimensional de todas las cuchillas y un afilado exacto ni m\u00e1s ni menos de lo necesario.<\/span><\/h4>\n<a data-animate=\"bounceIn\" href=\"https:\/\/sharpindustrial.es\/ru\/contacto\/\" target=\"_self\" class=\"button secondary is-shade box-shadow-3 box-shadow-5-hover\"  style=\"border-radius:5px;\">\n    <span>CONT\u00c1CTENOS<\/span>\n  <\/a>\n\n\t\t<\/div>\n\t<\/div>\n\n\t\n\n<style scope=\"scope\">\n\n<\/style>\n<\/div>\n<div class=\"row\"  id=\"row-311306611\">\n\n\t<div class=\"col medium-4 small-12 large-4\"  >\n\t\t<div class=\"col-inner\"  >\n\t\t\t\n\t\t\t\n\t<div class=\"img has-hover x md-x lg-x y md-y lg-y\" id=\"image_1345480750\">\n\t\t\t\t\t\t\t\t<div class=\"img-inner image-cover dark\" style=\"padding-top:56.25%;\">\n\t\t\t<img decoding=\"async\" width=\"745\" height=\"419\" src=\"https:\/\/sharpindustrial.es\/wp-content\/uploads\/2023\/02\/pelletizer-helical-knives-cnc-sharpening_sharp-industrial.jpg\" class=\"attachment-large size-large\" alt=\"\" srcset=\"https:\/\/sharpindustrial.es\/wp-content\/uploads\/2023\/02\/pelletizer-helical-knives-cnc-sharpening_sharp-industrial.jpg 745w, https:\/\/sharpindustrial.es\/wp-content\/uploads\/2023\/02\/pelletizer-helical-knives-cnc-sharpening_sharp-industrial-300x169.jpg 300w, https:\/\/sharpindustrial.es\/wp-content\/uploads\/2023\/02\/pelletizer-helical-knives-cnc-sharpening_sharp-industrial-18x10.jpg 18w, https:\/\/sharpindustrial.es\/wp-content\/uploads\/2023\/02\/pelletizer-helical-knives-cnc-sharpening_sharp-industrial-600x337.jpg 600w, https:\/\/sharpindustrial.es\/wp-content\/uploads\/2023\/02\/pelletizer-helical-knives-cnc-sharpening_sharp-industrial-48x27.jpg 48w\" sizes=\"(max-width: 745px) 100vw, 745px\" \/>\t\t\t\t\t\t\n\t\t\t\t\t<\/div>\n\t\t\t\t\t\t\t\t\n<style scope=\"scope\">\n\n#image_1345480750 {\n  width: 100%;\n}\n<\/style>\n\t<\/div>\n\t\n\t\t<\/div>\n\t<\/div>\n\n\t\n\n\t<div class=\"col medium-4 small-12 large-4\"  >\n\t\t<div class=\"col-inner\"  >\n\t\t\t\n\t\t\t\n\t<div class=\"img has-hover x md-x lg-x y md-y lg-y\" id=\"image_1908382369\">\n\t\t\t\t\t\t\t\t<div class=\"img-inner image-cover dark\" style=\"padding-top:56.25%;\">\n\t\t\t<img decoding=\"async\" width=\"768\" height=\"1024\" src=\"https:\/\/sharpindustrial.es\/wp-content\/uploads\/2023\/02\/AFILADORA-RECTIFICADORA-DE-CUCHILLAS-INDUSTRIALES.jpg\" class=\"attachment-large size-large\" alt=\"\" srcset=\"https:\/\/sharpindustrial.es\/wp-content\/uploads\/2023\/02\/AFILADORA-RECTIFICADORA-DE-CUCHILLAS-INDUSTRIALES.jpg 768w, https:\/\/sharpindustrial.es\/wp-content\/uploads\/2023\/02\/AFILADORA-RECTIFICADORA-DE-CUCHILLAS-INDUSTRIALES-225x300.jpg 225w, https:\/\/sharpindustrial.es\/wp-content\/uploads\/2023\/02\/AFILADORA-RECTIFICADORA-DE-CUCHILLAS-INDUSTRIALES-9x12.jpg 9w, https:\/\/sharpindustrial.es\/wp-content\/uploads\/2023\/02\/AFILADORA-RECTIFICADORA-DE-CUCHILLAS-INDUSTRIALES-600x800.jpg 600w, https:\/\/sharpindustrial.es\/wp-content\/uploads\/2023\/02\/AFILADORA-RECTIFICADORA-DE-CUCHILLAS-INDUSTRIALES-48x64.jpg 48w\" sizes=\"(max-width: 768px) 100vw, 768px\" \/>\t\t\t\t\t\t\n\t\t\t\t\t<\/div>\n\t\t\t\t\t\t\t\t\n<style scope=\"scope\">\n\n#image_1908382369 {\n  width: 100%;\n}\n<\/style>\n\t<\/div>\n\t\n\t\t<\/div>\n\t<\/div>\n\n\t\n\n\t<div class=\"col medium-4 small-12 large-4\"  >\n\t\t<div class=\"col-inner\"  >\n\t\t\t\n\t\t\t\n\t<div class=\"img has-hover x md-x lg-x y md-y lg-y\" id=\"image_587600696\">\n\t\t\t\t\t\t\t\t<div class=\"img-inner image-cover dark\" style=\"padding-top:56.25%;\">\n\t\t\t<img decoding=\"async\" width=\"1020\" height=\"680\" src=\"https:\/\/sharpindustrial.es\/wp-content\/uploads\/2023\/01\/afilado-cuchillas-industriales-ARTEC-2-1024x683.jpg\" class=\"attachment-large size-large\" alt=\"\" srcset=\"https:\/\/sharpindustrial.es\/wp-content\/uploads\/2023\/01\/afilado-cuchillas-industriales-ARTEC-2-1024x683.jpg 1024w, https:\/\/sharpindustrial.es\/wp-content\/uploads\/2023\/01\/afilado-cuchillas-industriales-ARTEC-2-300x200.jpg 300w, https:\/\/sharpindustrial.es\/wp-content\/uploads\/2023\/01\/afilado-cuchillas-industriales-ARTEC-2-768x512.jpg 768w, https:\/\/sharpindustrial.es\/wp-content\/uploads\/2023\/01\/afilado-cuchillas-industriales-ARTEC-2-1536x1024.jpg 1536w, https:\/\/sharpindustrial.es\/wp-content\/uploads\/2023\/01\/afilado-cuchillas-industriales-ARTEC-2-18x12.jpg 18w, https:\/\/sharpindustrial.es\/wp-content\/uploads\/2023\/01\/afilado-cuchillas-industriales-ARTEC-2-1320x880.jpg 1320w, https:\/\/sharpindustrial.es\/wp-content\/uploads\/2023\/01\/afilado-cuchillas-industriales-ARTEC-2-600x400.jpg 600w, https:\/\/sharpindustrial.es\/wp-content\/uploads\/2023\/01\/afilado-cuchillas-industriales-ARTEC-2-48x32.jpg 48w, https:\/\/sharpindustrial.es\/wp-content\/uploads\/2023\/01\/afilado-cuchillas-industriales-ARTEC-2.jpg 1920w\" sizes=\"(max-width: 1020px) 100vw, 1020px\" \/>\t\t\t\t\t\t\n\t\t\t\t\t<\/div>\n\t\t\t\t\t\t\t\t\n<style scope=\"scope\">\n\n#image_587600696 {\n  width: 100%;\n}\n<\/style>\n\t<\/div>\n\t\n\t\t<\/div>\n\t<\/div>\n\n\t\n<\/div>\n\t\t<\/div>\n\n\t\t\n<style scope=\"scope\">\n\n#section_927343329 {\n  padding-top: 60px;\n  padding-bottom: 60px;\n  min-height: 300px;\n  background-color: rgb(0, 0, 0);\n}\n#section_927343329 .section-bg-overlay {\n  background-color: rgba(0,0,0,.5);\n}\n#section_927343329 .section-bg.bg-loaded {\n  background-image: url(https:\/\/sharpindustrial.es\/wp-content\/uploads\/2023\/03\/industrial-knives-production-machinery-1.jpg);\n}\n<\/style>\n\t<\/section>","protected":false},"excerpt":{"rendered":"","protected":false},"author":1,"featured_media":169,"parent":0,"menu_order":0,"comment_status":"closed","ping_status":"closed","template":"","meta":{"footnotes":""},"class_list":["post-364","page","type-page","status-publish","has-post-thumbnail","hentry"],"yoast_head":"<!-- This site is optimized with the Yoast SEO plugin v27.3 - https:\/\/yoast.com\/product\/yoast-seo-wordpress\/ -->\n<title>AFILADOS - SHARP INDUSTRIAL knives and spare parts<\/title>\n<meta name=\"description\" content=\"CUCHILLAS INDUSTRIALES Y REPUESTOS DE ALTO RENDIMIENTO. INDUSTRIAL KNIVES, SCREENS AND SPARE PARTS FOR MACHINERY.\" \/>\n<meta name=\"robots\" content=\"index, follow, max-snippet:-1, max-image-preview:large, max-video-preview:-1\" \/>\n<link rel=\"canonical\" href=\"https:\/\/sharpindustrial.es\/ru\/afilados\/\" \/>\n<meta property=\"og:locale\" content=\"ru_RU\" \/>\n<meta property=\"og:type\" content=\"article\" \/>\n<meta property=\"og:title\" content=\"AFILADOS - SHARP INDUSTRIAL knives and spare parts\" \/>\n<meta property=\"og:description\" content=\"CUCHILLAS INDUSTRIALES Y REPUESTOS DE ALTO RENDIMIENTO. INDUSTRIAL KNIVES, SCREENS AND SPARE PARTS FOR MACHINERY.\" \/>\n<meta property=\"og:url\" content=\"https:\/\/sharpindustrial.es\/ru\/afilados\/\" \/>\n<meta property=\"og:site_name\" content=\"SHARP INDUSTRIAL knives and spare parts\" \/>\n<meta property=\"article:publisher\" content=\"https:\/\/www.facebook.com\/profile.php?id=100075865576261\" \/>\n<meta property=\"article:modified_time\" content=\"2023-03-30T10:45:26+00:00\" \/>\n<meta property=\"og:image\" content=\"http:\/\/sharpindustrial.es\/wp-content\/uploads\/2021\/11\/gockel-homepage-bg.jpg\" \/>\n\t<meta property=\"og:image:width\" content=\"1200\" \/>\n\t<meta property=\"og:image:height\" content=\"569\" \/>\n\t<meta property=\"og:image:type\" content=\"image\/jpeg\" \/>\n<meta name=\"twitter:card\" content=\"summary_large_image\" \/>\n<meta name=\"twitter:label1\" content=\"\u041f\u0440\u0438\u043c\u0435\u0440\u043d\u043e\u0435 \u0432\u0440\u0435\u043c\u044f \u0434\u043b\u044f \u0447\u0442\u0435\u043d\u0438\u044f\" \/>\n\t<meta name=\"twitter:data1\" content=\"1 \u043c\u0438\u043d\u0443\u0442\u0430\" \/>\n<script type=\"application\/ld+json\" class=\"yoast-schema-graph\">{\"@context\":\"https:\\\/\\\/schema.org\",\"@graph\":[{\"@type\":\"WebPage\",\"@id\":\"https:\\\/\\\/sharpindustrial.es\\\/afilados\\\/\",\"url\":\"https:\\\/\\\/sharpindustrial.es\\\/afilados\\\/\",\"name\":\"AFILADOS - SHARP INDUSTRIAL knives and spare parts\",\"isPartOf\":{\"@id\":\"https:\\\/\\\/sharpindustrial.es\\\/#website\"},\"primaryImageOfPage\":{\"@id\":\"https:\\\/\\\/sharpindustrial.es\\\/afilados\\\/#primaryimage\"},\"image\":{\"@id\":\"https:\\\/\\\/sharpindustrial.es\\\/afilados\\\/#primaryimage\"},\"thumbnailUrl\":\"https:\\\/\\\/sharpindustrial.es\\\/wp-content\\\/uploads\\\/2021\\\/11\\\/gockel-homepage-bg.jpg\",\"datePublished\":\"2022-02-14T12:05:56+00:00\",\"dateModified\":\"2023-03-30T10:45:26+00:00\",\"description\":\"CUCHILLAS INDUSTRIALES Y REPUESTOS DE ALTO RENDIMIENTO. INDUSTRIAL KNIVES, SCREENS AND SPARE PARTS FOR MACHINERY.\",\"breadcrumb\":{\"@id\":\"https:\\\/\\\/sharpindustrial.es\\\/afilados\\\/#breadcrumb\"},\"inLanguage\":\"ru-RU\",\"potentialAction\":[{\"@type\":\"ReadAction\",\"target\":[\"https:\\\/\\\/sharpindustrial.es\\\/afilados\\\/\"]}]},{\"@type\":\"ImageObject\",\"inLanguage\":\"ru-RU\",\"@id\":\"https:\\\/\\\/sharpindustrial.es\\\/afilados\\\/#primaryimage\",\"url\":\"https:\\\/\\\/sharpindustrial.es\\\/wp-content\\\/uploads\\\/2021\\\/11\\\/gockel-homepage-bg.jpg\",\"contentUrl\":\"https:\\\/\\\/sharpindustrial.es\\\/wp-content\\\/uploads\\\/2021\\\/11\\\/gockel-homepage-bg.jpg\",\"width\":1200,\"height\":569},{\"@type\":\"BreadcrumbList\",\"@id\":\"https:\\\/\\\/sharpindustrial.es\\\/afilados\\\/#breadcrumb\",\"itemListElement\":[{\"@type\":\"ListItem\",\"position\":1,\"name\":\"Portada\",\"item\":\"https:\\\/\\\/sharpindustrial.es\\\/\"},{\"@type\":\"ListItem\",\"position\":2,\"name\":\"AFILADOS\"}]},{\"@type\":\"WebSite\",\"@id\":\"https:\\\/\\\/sharpindustrial.es\\\/#website\",\"url\":\"https:\\\/\\\/sharpindustrial.es\\\/\",\"name\":\"SHARP INDUSTRIAL knives and spare parts\",\"description\":\"Cuchillas industriales y repuestos, Industrial knives and machine blades, spare parts\",\"publisher\":{\"@id\":\"https:\\\/\\\/sharpindustrial.es\\\/#organization\"},\"potentialAction\":[{\"@type\":\"SearchAction\",\"target\":{\"@type\":\"EntryPoint\",\"urlTemplate\":\"https:\\\/\\\/sharpindustrial.es\\\/?s={search_term_string}\"},\"query-input\":{\"@type\":\"PropertyValueSpecification\",\"valueRequired\":true,\"valueName\":\"search_term_string\"}}],\"inLanguage\":\"ru-RU\"},{\"@type\":\"Organization\",\"@id\":\"https:\\\/\\\/sharpindustrial.es\\\/#organization\",\"name\":\"SHARP INDUSTRIAL\",\"url\":\"https:\\\/\\\/sharpindustrial.es\\\/\",\"logo\":{\"@type\":\"ImageObject\",\"inLanguage\":\"ru-RU\",\"@id\":\"https:\\\/\\\/sharpindustrial.es\\\/#\\\/schema\\\/logo\\\/image\\\/\",\"url\":\"https:\\\/\\\/sharpindustrial.es\\\/wp-content\\\/uploads\\\/2023\\\/03\\\/cuchillas-para-reciclado-industrial-knives-recycling.webp\",\"contentUrl\":\"https:\\\/\\\/sharpindustrial.es\\\/wp-content\\\/uploads\\\/2023\\\/03\\\/cuchillas-para-reciclado-industrial-knives-recycling.webp\",\"width\":800,\"height\":800,\"caption\":\"SHARP INDUSTRIAL\"},\"image\":{\"@id\":\"https:\\\/\\\/sharpindustrial.es\\\/#\\\/schema\\\/logo\\\/image\\\/\"},\"sameAs\":[\"https:\\\/\\\/www.facebook.com\\\/profile.php?id=100075865576261\",\"https:\\\/\\\/www.linkedin.com\\\/company\\\/sharpindustrial\\\/?originalSubdomain=es\"]}]}<\/script>\n<!-- \/ Yoast SEO plugin. -->","yoast_head_json":{"title":"AFILADOS - SHARP INDUSTRIAL knives and spare parts","description":"CUCHILLAS INDUSTRIALES Y REPUESTOS DE ALTO RENDIMIENTO. INDUSTRIAL KNIVES, SCREENS AND SPARE PARTS FOR MACHINERY.","robots":{"index":"index","follow":"follow","max-snippet":"max-snippet:-1","max-image-preview":"max-image-preview:large","max-video-preview":"max-video-preview:-1"},"canonical":"https:\/\/sharpindustrial.es\/ru\/afilados\/","og_locale":"ru_RU","og_type":"article","og_title":"AFILADOS - SHARP INDUSTRIAL knives and spare parts","og_description":"CUCHILLAS INDUSTRIALES Y REPUESTOS DE ALTO RENDIMIENTO. INDUSTRIAL KNIVES, SCREENS AND SPARE PARTS FOR MACHINERY.","og_url":"https:\/\/sharpindustrial.es\/ru\/afilados\/","og_site_name":"SHARP INDUSTRIAL knives and spare parts","article_publisher":"https:\/\/www.facebook.com\/profile.php?id=100075865576261","article_modified_time":"2023-03-30T10:45:26+00:00","og_image":[{"width":1200,"height":569,"url":"http:\/\/sharpindustrial.es\/wp-content\/uploads\/2021\/11\/gockel-homepage-bg.jpg","type":"image\/jpeg"}],"twitter_card":"summary_large_image","twitter_misc":{"\u041f\u0440\u0438\u043c\u0435\u0440\u043d\u043e\u0435 \u0432\u0440\u0435\u043c\u044f \u0434\u043b\u044f \u0447\u0442\u0435\u043d\u0438\u044f":"1 \u043c\u0438\u043d\u0443\u0442\u0430"},"schema":{"@context":"https:\/\/schema.org","@graph":[{"@type":"WebPage","@id":"https:\/\/sharpindustrial.es\/afilados\/","url":"https:\/\/sharpindustrial.es\/afilados\/","name":"AFILADOS - SHARP INDUSTRIAL knives and spare parts","isPartOf":{"@id":"https:\/\/sharpindustrial.es\/#website"},"primaryImageOfPage":{"@id":"https:\/\/sharpindustrial.es\/afilados\/#primaryimage"},"image":{"@id":"https:\/\/sharpindustrial.es\/afilados\/#primaryimage"},"thumbnailUrl":"https:\/\/sharpindustrial.es\/wp-content\/uploads\/2021\/11\/gockel-homepage-bg.jpg","datePublished":"2022-02-14T12:05:56+00:00","dateModified":"2023-03-30T10:45:26+00:00","description":"CUCHILLAS INDUSTRIALES Y REPUESTOS DE ALTO RENDIMIENTO. INDUSTRIAL KNIVES, SCREENS AND SPARE PARTS FOR MACHINERY.","breadcrumb":{"@id":"https:\/\/sharpindustrial.es\/afilados\/#breadcrumb"},"inLanguage":"ru-RU","potentialAction":[{"@type":"ReadAction","target":["https:\/\/sharpindustrial.es\/afilados\/"]}]},{"@type":"ImageObject","inLanguage":"ru-RU","@id":"https:\/\/sharpindustrial.es\/afilados\/#primaryimage","url":"https:\/\/sharpindustrial.es\/wp-content\/uploads\/2021\/11\/gockel-homepage-bg.jpg","contentUrl":"https:\/\/sharpindustrial.es\/wp-content\/uploads\/2021\/11\/gockel-homepage-bg.jpg","width":1200,"height":569},{"@type":"BreadcrumbList","@id":"https:\/\/sharpindustrial.es\/afilados\/#breadcrumb","itemListElement":[{"@type":"ListItem","position":1,"name":"Portada","item":"https:\/\/sharpindustrial.es\/"},{"@type":"ListItem","position":2,"name":"AFILADOS"}]},{"@type":"WebSite","@id":"https:\/\/sharpindustrial.es\/#website","url":"https:\/\/sharpindustrial.es\/","name":"SHARP INDUSTRIAL knives and spare parts","description":"Cuchillas industriales y repuestos, Industrial knives and machine blades, spare parts","publisher":{"@id":"https:\/\/sharpindustrial.es\/#organization"},"potentialAction":[{"@type":"SearchAction","target":{"@type":"EntryPoint","urlTemplate":"https:\/\/sharpindustrial.es\/?s={search_term_string}"},"query-input":{"@type":"PropertyValueSpecification","valueRequired":true,"valueName":"search_term_string"}}],"inLanguage":"ru-RU"},{"@type":"Organization","@id":"https:\/\/sharpindustrial.es\/#organization","name":"SHARP INDUSTRIAL","url":"https:\/\/sharpindustrial.es\/","logo":{"@type":"ImageObject","inLanguage":"ru-RU","@id":"https:\/\/sharpindustrial.es\/#\/schema\/logo\/image\/","url":"https:\/\/sharpindustrial.es\/wp-content\/uploads\/2023\/03\/cuchillas-para-reciclado-industrial-knives-recycling.webp","contentUrl":"https:\/\/sharpindustrial.es\/wp-content\/uploads\/2023\/03\/cuchillas-para-reciclado-industrial-knives-recycling.webp","width":800,"height":800,"caption":"SHARP INDUSTRIAL"},"image":{"@id":"https:\/\/sharpindustrial.es\/#\/schema\/logo\/image\/"},"sameAs":["https:\/\/www.facebook.com\/profile.php?id=100075865576261","https:\/\/www.linkedin.com\/company\/sharpindustrial\/?originalSubdomain=es"]}]}},"_links":{"self":[{"href":"https:\/\/sharpindustrial.es\/ru\/wp-json\/wp\/v2\/pages\/364","targetHints":{"allow":["GET"]}}],"collection":[{"href":"https:\/\/sharpindustrial.es\/ru\/wp-json\/wp\/v2\/pages"}],"about":[{"href":"https:\/\/sharpindustrial.es\/ru\/wp-json\/wp\/v2\/types\/page"}],"author":[{"embeddable":true,"href":"https:\/\/sharpindustrial.es\/ru\/wp-json\/wp\/v2\/users\/1"}],"replies":[{"embeddable":true,"href":"https:\/\/sharpindustrial.es\/ru\/wp-json\/wp\/v2\/comments?post=364"}],"version-history":[{"count":11,"href":"https:\/\/sharpindustrial.es\/ru\/wp-json\/wp\/v2\/pages\/364\/revisions"}],"predecessor-version":[{"id":2076,"href":"https:\/\/sharpindustrial.es\/ru\/wp-json\/wp\/v2\/pages\/364\/revisions\/2076"}],"wp:featuredmedia":[{"embeddable":true,"href":"https:\/\/sharpindustrial.es\/ru\/wp-json\/wp\/v2\/media\/169"}],"wp:attachment":[{"href":"https:\/\/sharpindustrial.es\/ru\/wp-json\/wp\/v2\/media?parent=364"}],"curies":[{"name":"wp","href":"https:\/\/api.w.org\/{rel}","templated":true}]}}