{"id":362,"date":"2022-02-14T12:05:40","date_gmt":"2022-02-14T12:05:40","guid":{"rendered":"https:\/\/sharpindustrial.es\/?page_id=362"},"modified":"2023-03-30T10:46:17","modified_gmt":"2023-03-30T10:46:17","slug":"mecanizado","status":"publish","type":"page","link":"https:\/\/sharpindustrial.es\/ru\/mecanizado\/","title":{"rendered":"\u041e\u0411\u0420\u0410\u0411\u041e\u0422\u041a\u0410"},"content":{"rendered":"<section class=\"section has-parallax\" id=\"section_228926196\">\n\t\t<div class=\"bg section-bg fill bg-fill\" data-parallax-container=\".section\" data-parallax-background data-parallax=\"-6\">\n\n\t\t\t\n\t\t\t<div class=\"section-bg-overlay absolute fill\"><\/div>\n\t\t\t\n\n\t\t<\/div>\n\n\t\t<div class=\"section-content relative\">\n\t\t\t\n<div class=\"row align-center\"  id=\"row-61200042\">\n\n\t<div class=\"col medium-10 small-12 large-10\"  >\n\t\t<div class=\"col-inner text-center\"  >\n\t\t\t\n\t\t\t\n<h2 class=\"uppercase\"><span style=\"color: #000000;\"><em><strong>\u0422\u041e\u0427\u041d\u0410\u042f \u041e\u0411\u0420\u0410\u0411\u041e\u0422\u041a\u0410<\/strong><\/em><\/span><\/h2>\n<h4><span style=\"color: #000000;\">El mecanizado de precisi\u00f3n se basa en obtener piezas perfectas como resultado de un proceso de fabricaci\u00f3n. Otorgando las medidas y acabado superficial que\u00a0<b>se adapten a servicios de alta exigencia<\/b>.<\/span><\/h4>\n<h4><span style=\"color: #000000;\">Nosotros contamos con\u00a0<strong>mecanizados de precisi\u00f3n<\/strong>\u00a0con maquinaria CNC, pensada para la realizaci\u00f3n de piezas de precisi\u00f3n y, gracias a nuestra experiencia, una maquinaria de alta calidad y un equipo t\u00e9cnico especializado y capacitado para realizar su trabajo, conseguimos siempre resultados excelentes.<\/span><\/h4>\n<a data-animate=\"bounceIn\" href=\"https:\/\/sharpindustrial.es\/ru\/contacto\/\" target=\"_self\" class=\"button secondary is-shade box-shadow-3 box-shadow-5-hover\"  style=\"border-radius:5px;\">\n    <span>CONT\u00c1CTENOS<\/span>\n  <\/a>\n\n\t\t<\/div>\n\t<\/div>\n\n\t\n\n<style scope=\"scope\">\n\n<\/style>\n<\/div>\n<div class=\"row\"  id=\"row-197891539\">\n\n\t<div class=\"col medium-4 small-12 large-4\"  >\n\t\t<div class=\"col-inner\"  >\n\t\t\t\n\t\t\t\n\t<div class=\"img has-hover x md-x lg-x y md-y lg-y\" id=\"image_1956580136\">\n\t\t\t\t\t\t\t\t<div class=\"img-inner image-cover dark\" style=\"padding-top:56.25%;\">\n\t\t\t<img decoding=\"async\" width=\"900\" height=\"600\" src=\"https:\/\/sharpindustrial.es\/wp-content\/uploads\/2023\/02\/CNC-Machining.jpg\" class=\"attachment-large size-large\" alt=\"\" srcset=\"https:\/\/sharpindustrial.es\/wp-content\/uploads\/2023\/02\/CNC-Machining.jpg 900w, https:\/\/sharpindustrial.es\/wp-content\/uploads\/2023\/02\/CNC-Machining-300x200.jpg 300w, https:\/\/sharpindustrial.es\/wp-content\/uploads\/2023\/02\/CNC-Machining-768x512.jpg 768w, https:\/\/sharpindustrial.es\/wp-content\/uploads\/2023\/02\/CNC-Machining-18x12.jpg 18w, https:\/\/sharpindustrial.es\/wp-content\/uploads\/2023\/02\/CNC-Machining-600x400.jpg 600w, https:\/\/sharpindustrial.es\/wp-content\/uploads\/2023\/02\/CNC-Machining-48x32.jpg 48w\" sizes=\"(max-width: 900px) 100vw, 900px\" \/>\t\t\t\t\t\t\n\t\t\t\t\t<\/div>\n\t\t\t\t\t\t\t\t\n<style scope=\"scope\">\n\n#image_1956580136 {\n  width: 100%;\n}\n<\/style>\n\t<\/div>\n\t\n\t\t<\/div>\n\t<\/div>\n\n\t\n\n\t<div class=\"col medium-4 small-12 large-4\"  >\n\t\t<div class=\"col-inner\"  >\n\t\t\t\n\t\t\t\n\t<div class=\"img has-hover x md-x lg-x y md-y lg-y\" id=\"image_1849692202\">\n\t\t\t\t\t\t\t\t<div class=\"img-inner image-cover dark\" style=\"padding-top:56.25%;\">\n\t\t\t<img decoding=\"async\" width=\"500\" height=\"334\" src=\"https:\/\/sharpindustrial.es\/wp-content\/uploads\/2023\/02\/959566.jpeg\" class=\"attachment-large size-large\" alt=\"\" srcset=\"https:\/\/sharpindustrial.es\/wp-content\/uploads\/2023\/02\/959566.jpeg 500w, https:\/\/sharpindustrial.es\/wp-content\/uploads\/2023\/02\/959566-300x200.jpeg 300w, https:\/\/sharpindustrial.es\/wp-content\/uploads\/2023\/02\/959566-18x12.jpeg 18w, https:\/\/sharpindustrial.es\/wp-content\/uploads\/2023\/02\/959566-48x32.jpeg 48w\" sizes=\"(max-width: 500px) 100vw, 500px\" \/>\t\t\t\t\t\t\n\t\t\t\t\t<\/div>\n\t\t\t\t\t\t\t\t\n<style scope=\"scope\">\n\n#image_1849692202 {\n  width: 100%;\n}\n<\/style>\n\t<\/div>\n\t\n\t\t<\/div>\n\t<\/div>\n\n\t\n\n\t<div class=\"col medium-4 small-12 large-4\"  >\n\t\t<div class=\"col-inner\"  >\n\t\t\t\n\t\t\t\n\t<div class=\"img has-hover x md-x lg-x y md-y lg-y\" id=\"image_1323475119\">\n\t\t\t\t\t\t\t\t<div class=\"img-inner image-cover dark\" style=\"padding-top:56.25%;\">\n\t\t\t<img decoding=\"async\" width=\"1020\" height=\"533\" src=\"https:\/\/sharpindustrial.es\/wp-content\/uploads\/2023\/02\/1IDgrind-1920w-1024x535.webp\" class=\"attachment-large size-large\" alt=\"\" srcset=\"https:\/\/sharpindustrial.es\/wp-content\/uploads\/2023\/02\/1IDgrind-1920w-1024x535.webp 1024w, https:\/\/sharpindustrial.es\/wp-content\/uploads\/2023\/02\/1IDgrind-1920w-300x157.webp 300w, https:\/\/sharpindustrial.es\/wp-content\/uploads\/2023\/02\/1IDgrind-1920w-768x401.webp 768w, https:\/\/sharpindustrial.es\/wp-content\/uploads\/2023\/02\/1IDgrind-1920w-18x9.webp 18w, https:\/\/sharpindustrial.es\/wp-content\/uploads\/2023\/02\/1IDgrind-1920w-600x314.webp 600w, https:\/\/sharpindustrial.es\/wp-content\/uploads\/2023\/02\/1IDgrind-1920w-48x25.webp 48w, https:\/\/sharpindustrial.es\/wp-content\/uploads\/2023\/02\/1IDgrind-1920w.webp 1200w\" sizes=\"(max-width: 1020px) 100vw, 1020px\" \/>\t\t\t\t\t\t\n\t\t\t\t\t<\/div>\n\t\t\t\t\t\t\t\t\n<style scope=\"scope\">\n\n#image_1323475119 {\n  width: 100%;\n}\n<\/style>\n\t<\/div>\n\t\n\t\t<\/div>\n\t<\/div>\n\n\t\n<\/div>\n\t\t<\/div>\n\n\t\t\n<style scope=\"scope\">\n\n#section_228926196 {\n  padding-top: 60px;\n  padding-bottom: 60px;\n  min-height: 300px;\n}\n#section_228926196 .section-bg-overlay {\n  background-color: rgba(255,255,255,.5);\n}\n#section_228926196 .section-bg.bg-loaded {\n  background-image: url(https:\/\/sharpindustrial.es\/wp-content\/uploads\/2021\/11\/SinTitulo1_001.png);\n}\n<\/style>\n\t<\/section>","protected":false},"excerpt":{"rendered":"","protected":false},"author":1,"featured_media":88,"parent":0,"menu_order":0,"comment_status":"closed","ping_status":"closed","template":"","meta":{"footnotes":""},"class_list":["post-362","page","type-page","status-publish","has-post-thumbnail","hentry"],"yoast_head":"<!-- This site is optimized with the Yoast SEO plugin v27.3 - https:\/\/yoast.com\/product\/yoast-seo-wordpress\/ -->\n<title>MECANIZADO - SHARP INDUSTRIAL knives and spare parts<\/title>\n<meta name=\"description\" content=\"CUCHILLAS INDUSTRIALES Y REPUESTOS DE ALTO RENDIMIENTO. INDUSTRIAL KNIVES, SCREENS AND SPARE PARTS FOR MACHINERY.\" \/>\n<meta name=\"robots\" content=\"index, follow, max-snippet:-1, max-image-preview:large, max-video-preview:-1\" \/>\n<link rel=\"canonical\" href=\"https:\/\/sharpindustrial.es\/ru\/mecanizado\/\" \/>\n<meta property=\"og:locale\" content=\"ru_RU\" \/>\n<meta property=\"og:type\" content=\"article\" \/>\n<meta property=\"og:title\" content=\"MECANIZADO - SHARP INDUSTRIAL knives and spare parts\" \/>\n<meta property=\"og:description\" content=\"CUCHILLAS INDUSTRIALES Y REPUESTOS DE ALTO RENDIMIENTO. INDUSTRIAL KNIVES, SCREENS AND SPARE PARTS FOR MACHINERY.\" \/>\n<meta property=\"og:url\" content=\"https:\/\/sharpindustrial.es\/ru\/mecanizado\/\" \/>\n<meta property=\"og:site_name\" content=\"SHARP INDUSTRIAL knives and spare parts\" \/>\n<meta property=\"article:publisher\" content=\"https:\/\/www.facebook.com\/profile.php?id=100075865576261\" \/>\n<meta property=\"article:modified_time\" content=\"2023-03-30T10:46:17+00:00\" \/>\n<meta property=\"og:image\" content=\"http:\/\/sharpindustrial.es\/wp-content\/uploads\/2021\/11\/SinTitulo1_001-1024x357.png\" \/>\n\t<meta property=\"og:image:width\" content=\"1024\" \/>\n\t<meta property=\"og:image:height\" content=\"357\" \/>\n\t<meta property=\"og:image:type\" content=\"image\/png\" \/>\n<meta name=\"twitter:card\" content=\"summary_large_image\" \/>\n<meta name=\"twitter:label1\" content=\"\u041f\u0440\u0438\u043c\u0435\u0440\u043d\u043e\u0435 \u0432\u0440\u0435\u043c\u044f \u0434\u043b\u044f \u0447\u0442\u0435\u043d\u0438\u044f\" \/>\n\t<meta name=\"twitter:data1\" content=\"1 \u043c\u0438\u043d\u0443\u0442\u0430\" \/>\n<script type=\"application\/ld+json\" class=\"yoast-schema-graph\">{\"@context\":\"https:\\\/\\\/schema.org\",\"@graph\":[{\"@type\":\"WebPage\",\"@id\":\"https:\\\/\\\/sharpindustrial.es\\\/mecanizado\\\/\",\"url\":\"https:\\\/\\\/sharpindustrial.es\\\/mecanizado\\\/\",\"name\":\"MECANIZADO - SHARP INDUSTRIAL knives and spare parts\",\"isPartOf\":{\"@id\":\"https:\\\/\\\/sharpindustrial.es\\\/#website\"},\"primaryImageOfPage\":{\"@id\":\"https:\\\/\\\/sharpindustrial.es\\\/mecanizado\\\/#primaryimage\"},\"image\":{\"@id\":\"https:\\\/\\\/sharpindustrial.es\\\/mecanizado\\\/#primaryimage\"},\"thumbnailUrl\":\"https:\\\/\\\/sharpindustrial.es\\\/wp-content\\\/uploads\\\/2021\\\/11\\\/SinTitulo1_001.png\",\"datePublished\":\"2022-02-14T12:05:40+00:00\",\"dateModified\":\"2023-03-30T10:46:17+00:00\",\"description\":\"CUCHILLAS INDUSTRIALES Y REPUESTOS DE ALTO RENDIMIENTO. INDUSTRIAL KNIVES, SCREENS AND SPARE PARTS FOR MACHINERY.\",\"breadcrumb\":{\"@id\":\"https:\\\/\\\/sharpindustrial.es\\\/mecanizado\\\/#breadcrumb\"},\"inLanguage\":\"ru-RU\",\"potentialAction\":[{\"@type\":\"ReadAction\",\"target\":[\"https:\\\/\\\/sharpindustrial.es\\\/mecanizado\\\/\"]}]},{\"@type\":\"ImageObject\",\"inLanguage\":\"ru-RU\",\"@id\":\"https:\\\/\\\/sharpindustrial.es\\\/mecanizado\\\/#primaryimage\",\"url\":\"https:\\\/\\\/sharpindustrial.es\\\/wp-content\\\/uploads\\\/2021\\\/11\\\/SinTitulo1_001.png\",\"contentUrl\":\"https:\\\/\\\/sharpindustrial.es\\\/wp-content\\\/uploads\\\/2021\\\/11\\\/SinTitulo1_001.png\",\"width\":5134,\"height\":1789},{\"@type\":\"BreadcrumbList\",\"@id\":\"https:\\\/\\\/sharpindustrial.es\\\/mecanizado\\\/#breadcrumb\",\"itemListElement\":[{\"@type\":\"ListItem\",\"position\":1,\"name\":\"Portada\",\"item\":\"https:\\\/\\\/sharpindustrial.es\\\/\"},{\"@type\":\"ListItem\",\"position\":2,\"name\":\"MECANIZADO\"}]},{\"@type\":\"WebSite\",\"@id\":\"https:\\\/\\\/sharpindustrial.es\\\/#website\",\"url\":\"https:\\\/\\\/sharpindustrial.es\\\/\",\"name\":\"SHARP INDUSTRIAL knives and spare parts\",\"description\":\"Cuchillas industriales y repuestos, Industrial knives and machine blades, spare parts\",\"publisher\":{\"@id\":\"https:\\\/\\\/sharpindustrial.es\\\/#organization\"},\"potentialAction\":[{\"@type\":\"SearchAction\",\"target\":{\"@type\":\"EntryPoint\",\"urlTemplate\":\"https:\\\/\\\/sharpindustrial.es\\\/?s={search_term_string}\"},\"query-input\":{\"@type\":\"PropertyValueSpecification\",\"valueRequired\":true,\"valueName\":\"search_term_string\"}}],\"inLanguage\":\"ru-RU\"},{\"@type\":\"Organization\",\"@id\":\"https:\\\/\\\/sharpindustrial.es\\\/#organization\",\"name\":\"SHARP INDUSTRIAL\",\"url\":\"https:\\\/\\\/sharpindustrial.es\\\/\",\"logo\":{\"@type\":\"ImageObject\",\"inLanguage\":\"ru-RU\",\"@id\":\"https:\\\/\\\/sharpindustrial.es\\\/#\\\/schema\\\/logo\\\/image\\\/\",\"url\":\"https:\\\/\\\/sharpindustrial.es\\\/wp-content\\\/uploads\\\/2023\\\/03\\\/cuchillas-para-reciclado-industrial-knives-recycling.webp\",\"contentUrl\":\"https:\\\/\\\/sharpindustrial.es\\\/wp-content\\\/uploads\\\/2023\\\/03\\\/cuchillas-para-reciclado-industrial-knives-recycling.webp\",\"width\":800,\"height\":800,\"caption\":\"SHARP INDUSTRIAL\"},\"image\":{\"@id\":\"https:\\\/\\\/sharpindustrial.es\\\/#\\\/schema\\\/logo\\\/image\\\/\"},\"sameAs\":[\"https:\\\/\\\/www.facebook.com\\\/profile.php?id=100075865576261\",\"https:\\\/\\\/www.linkedin.com\\\/company\\\/sharpindustrial\\\/?originalSubdomain=es\"]}]}<\/script>\n<!-- \/ Yoast SEO plugin. -->","yoast_head_json":{"title":"MECANIZADO - SHARP INDUSTRIAL knives and spare parts","description":"CUCHILLAS INDUSTRIALES Y REPUESTOS DE ALTO RENDIMIENTO. INDUSTRIAL KNIVES, SCREENS AND SPARE PARTS FOR MACHINERY.","robots":{"index":"index","follow":"follow","max-snippet":"max-snippet:-1","max-image-preview":"max-image-preview:large","max-video-preview":"max-video-preview:-1"},"canonical":"https:\/\/sharpindustrial.es\/ru\/mecanizado\/","og_locale":"ru_RU","og_type":"article","og_title":"MECANIZADO - SHARP INDUSTRIAL knives and spare parts","og_description":"CUCHILLAS INDUSTRIALES Y REPUESTOS DE ALTO RENDIMIENTO. INDUSTRIAL KNIVES, SCREENS AND SPARE PARTS FOR MACHINERY.","og_url":"https:\/\/sharpindustrial.es\/ru\/mecanizado\/","og_site_name":"SHARP INDUSTRIAL knives and spare parts","article_publisher":"https:\/\/www.facebook.com\/profile.php?id=100075865576261","article_modified_time":"2023-03-30T10:46:17+00:00","og_image":[{"width":1024,"height":357,"url":"http:\/\/sharpindustrial.es\/wp-content\/uploads\/2021\/11\/SinTitulo1_001-1024x357.png","type":"image\/png"}],"twitter_card":"summary_large_image","twitter_misc":{"\u041f\u0440\u0438\u043c\u0435\u0440\u043d\u043e\u0435 \u0432\u0440\u0435\u043c\u044f \u0434\u043b\u044f \u0447\u0442\u0435\u043d\u0438\u044f":"1 \u043c\u0438\u043d\u0443\u0442\u0430"},"schema":{"@context":"https:\/\/schema.org","@graph":[{"@type":"WebPage","@id":"https:\/\/sharpindustrial.es\/mecanizado\/","url":"https:\/\/sharpindustrial.es\/mecanizado\/","name":"MECANIZADO - SHARP INDUSTRIAL knives and spare parts","isPartOf":{"@id":"https:\/\/sharpindustrial.es\/#website"},"primaryImageOfPage":{"@id":"https:\/\/sharpindustrial.es\/mecanizado\/#primaryimage"},"image":{"@id":"https:\/\/sharpindustrial.es\/mecanizado\/#primaryimage"},"thumbnailUrl":"https:\/\/sharpindustrial.es\/wp-content\/uploads\/2021\/11\/SinTitulo1_001.png","datePublished":"2022-02-14T12:05:40+00:00","dateModified":"2023-03-30T10:46:17+00:00","description":"CUCHILLAS INDUSTRIALES Y REPUESTOS DE ALTO RENDIMIENTO. INDUSTRIAL KNIVES, SCREENS AND SPARE PARTS FOR MACHINERY.","breadcrumb":{"@id":"https:\/\/sharpindustrial.es\/mecanizado\/#breadcrumb"},"inLanguage":"ru-RU","potentialAction":[{"@type":"ReadAction","target":["https:\/\/sharpindustrial.es\/mecanizado\/"]}]},{"@type":"ImageObject","inLanguage":"ru-RU","@id":"https:\/\/sharpindustrial.es\/mecanizado\/#primaryimage","url":"https:\/\/sharpindustrial.es\/wp-content\/uploads\/2021\/11\/SinTitulo1_001.png","contentUrl":"https:\/\/sharpindustrial.es\/wp-content\/uploads\/2021\/11\/SinTitulo1_001.png","width":5134,"height":1789},{"@type":"BreadcrumbList","@id":"https:\/\/sharpindustrial.es\/mecanizado\/#breadcrumb","itemListElement":[{"@type":"ListItem","position":1,"name":"Portada","item":"https:\/\/sharpindustrial.es\/"},{"@type":"ListItem","position":2,"name":"MECANIZADO"}]},{"@type":"WebSite","@id":"https:\/\/sharpindustrial.es\/#website","url":"https:\/\/sharpindustrial.es\/","name":"SHARP INDUSTRIAL knives and spare parts","description":"Cuchillas industriales y repuestos, Industrial knives and machine blades, spare parts","publisher":{"@id":"https:\/\/sharpindustrial.es\/#organization"},"potentialAction":[{"@type":"SearchAction","target":{"@type":"EntryPoint","urlTemplate":"https:\/\/sharpindustrial.es\/?s={search_term_string}"},"query-input":{"@type":"PropertyValueSpecification","valueRequired":true,"valueName":"search_term_string"}}],"inLanguage":"ru-RU"},{"@type":"Organization","@id":"https:\/\/sharpindustrial.es\/#organization","name":"SHARP INDUSTRIAL","url":"https:\/\/sharpindustrial.es\/","logo":{"@type":"ImageObject","inLanguage":"ru-RU","@id":"https:\/\/sharpindustrial.es\/#\/schema\/logo\/image\/","url":"https:\/\/sharpindustrial.es\/wp-content\/uploads\/2023\/03\/cuchillas-para-reciclado-industrial-knives-recycling.webp","contentUrl":"https:\/\/sharpindustrial.es\/wp-content\/uploads\/2023\/03\/cuchillas-para-reciclado-industrial-knives-recycling.webp","width":800,"height":800,"caption":"SHARP INDUSTRIAL"},"image":{"@id":"https:\/\/sharpindustrial.es\/#\/schema\/logo\/image\/"},"sameAs":["https:\/\/www.facebook.com\/profile.php?id=100075865576261","https:\/\/www.linkedin.com\/company\/sharpindustrial\/?originalSubdomain=es"]}]}},"_links":{"self":[{"href":"https:\/\/sharpindustrial.es\/ru\/wp-json\/wp\/v2\/pages\/362","targetHints":{"allow":["GET"]}}],"collection":[{"href":"https:\/\/sharpindustrial.es\/ru\/wp-json\/wp\/v2\/pages"}],"about":[{"href":"https:\/\/sharpindustrial.es\/ru\/wp-json\/wp\/v2\/types\/page"}],"author":[{"embeddable":true,"href":"https:\/\/sharpindustrial.es\/ru\/wp-json\/wp\/v2\/users\/1"}],"replies":[{"embeddable":true,"href":"https:\/\/sharpindustrial.es\/ru\/wp-json\/wp\/v2\/comments?post=362"}],"version-history":[{"count":11,"href":"https:\/\/sharpindustrial.es\/ru\/wp-json\/wp\/v2\/pages\/362\/revisions"}],"predecessor-version":[{"id":2077,"href":"https:\/\/sharpindustrial.es\/ru\/wp-json\/wp\/v2\/pages\/362\/revisions\/2077"}],"wp:featuredmedia":[{"embeddable":true,"href":"https:\/\/sharpindustrial.es\/ru\/wp-json\/wp\/v2\/media\/88"}],"wp:attachment":[{"href":"https:\/\/sharpindustrial.es\/ru\/wp-json\/wp\/v2\/media?parent=362"}],"curies":[{"name":"wp","href":"https:\/\/api.w.org\/{rel}","templated":true}]}}