{"id":1997,"date":"2023-03-21T23:29:05","date_gmt":"2023-03-21T23:29:05","guid":{"rendered":"https:\/\/sharpindustrial.es\/?page_id=1997"},"modified":"2023-09-07T19:43:18","modified_gmt":"2023-09-07T19:43:18","slug":"aviso-legal","status":"publish","type":"page","link":"https:\/\/sharpindustrial.es\/pt\/aviso-legal\/","title":{"rendered":"Aviso legal"},"content":{"rendered":"<p><img decoding=\"async\" class=\"size-full wp-image-2011 alignnone\" src=\"http:\/\/sharpindustrial.es\/wp-content\/uploads\/2023\/03\/aviso-legal.jpg\" alt=\"\" width=\"994\" height=\"298\" srcset=\"https:\/\/sharpindustrial.es\/wp-content\/uploads\/2023\/03\/aviso-legal.jpg 994w, https:\/\/sharpindustrial.es\/wp-content\/uploads\/2023\/03\/aviso-legal-300x90.jpg 300w, https:\/\/sharpindustrial.es\/wp-content\/uploads\/2023\/03\/aviso-legal-768x230.jpg 768w, https:\/\/sharpindustrial.es\/wp-content\/uploads\/2023\/03\/aviso-legal-18x5.jpg 18w, https:\/\/sharpindustrial.es\/wp-content\/uploads\/2023\/03\/aviso-legal-600x180.jpg 600w, https:\/\/sharpindustrial.es\/wp-content\/uploads\/2023\/03\/aviso-legal-48x14.jpg 48w\" sizes=\"(max-width: 994px) 100vw, 994px\" \/><\/p>\n<p>En cumplimiento de la Ley 34\/2002 de Servicios de la Sociedad de la Informaci\u00f3n y de Comercio Electr\u00f3nico de Espa\u00f1a, le informamos que esta web es propiedad de Cuchillas Industriales Sharp SL con N.I.F. B13649223.<\/p>\n<p>Esta web se rige por la normativa exclusivamente aplicable en Espa\u00f1a, quedando sometida a ella, tanto nacionales como extranjeros que utilicen esta web.<\/p>\n<p>El acceso a nuestra web por parte del USUARIO es gratuito y est\u00e1 condicionado a la previa lectura y aceptaci\u00f3n integra, expresa y sin reservas de las presentes CONDICIONES GENERALES DE USO vigentes en el momento del acceso, que rogamos lea detenidamente. El USUARIO en el momento que utiliza nuestra web, sus contenidos o servicios, acepta y se somete expresamente a las condiciones generales de uso de la misma. Si el USUARIO no estuviere de acuerdo con las presentes condiciones de uso, deber\u00e1 abstenerse de utilizar esta web y operar por medio de la misma.<\/p>\n<p>En cualquier momento podremos modificar la presentaci\u00f3n y configuraci\u00f3n de esta web, ampliar o reducir servicios, e incluso suprimirla de la Red, as\u00ed como los servicios y contenidos prestados, todo ello de forma unilateral y sin previo aviso.<\/p>\n<p><strong>A. PROPIEDAD INTELECTUAL<\/strong><\/p>\n<p>Todos los contenidos, textos, im\u00e1genes, y c\u00f3digos fuente son propiedad de Cuchillas Industriales Sharp SL o de terceros a los que se han adquirido sus derechos de explotaci\u00f3n y est\u00e1n protegidos por los derechos de Propiedad Intelectual e Industrial.<\/p>\n<p>El USUARIO \u00fanicamente tiene derecho a un uso privado de los mismos, sin \u00e1nimo de lucro, y necesita autorizaci\u00f3n expresa de Cuchillas Industriales Sharp SL y\/o el titular de los derechos para modificarlos, reproducirlos, explotarlos, distribuirlos o cualquier derecho perteneciente a su titular.<\/p>\n<p>El establecimiento de enlaces a nuestra web no confiere ning\u00fan derecho sobre la misma y se autorizan exclusivamente para permitir el acceso a nuestra web, quedando prohibida en otras p\u00e1ginas la reproducci\u00f3n total o parcial de las im\u00e1genes y\/o contenidos de nuestra web. Asimismo, el simple hecho de establecer un enlace a nuestra web no da derecho a otorgarse la categor\u00eda de colaborador o socio de Cuchillas Industriales Sharp SL.<\/p>\n<p>Est\u00e1 absolutamente prohibida la imitaci\u00f3n ya sea total o parcial de nuestra web.<\/p>\n<p><strong>B. CONDICIONES DE ACCESO<\/strong><\/p>\n<p>El acceso a nuestra web es gratuito y no exige previa suscripci\u00f3n o registro. No obstante, Cuchillas Industriales Sharp SL se reserva el derecho de ofrecer servicios que requieran el registro previo del USUARIO. En todo caso, estos servicios quedar\u00e1n debidamente identificados en la web, con f\u00e1ciles indicaciones para su registro.<\/p>\n<p>El USUARIO debe acceder a nuestra web conforme a la buena fe, las normas de orden p\u00fablico, a las presentes Condiciones Generales de uso. El acceso a nuestro sitio web se realiza bajo la propia y exclusiva responsabilidad del USUARIO, que responder\u00e1 en todo caso de los da\u00f1os y perjuicios que pueda causar a terceros o a nosotros mismos.<\/p>\n<p>El USUARIO tiene expresamente prohibido la utilizaci\u00f3n y obtenci\u00f3n de los servicios y contenidos ofrecidos en la presente web, por procedimientos distintos a los estipulados en las presentes condiciones de uso, y en su caso en las condiciones particulares que regulen la adquisici\u00f3n de determinados servicios.<\/p>\n<p>Teniendo en cuenta la imposibilidad de control respecto a la informaci\u00f3n, contenidos y servicios que contengan otras websites a los que se pueda acceder a trav\u00e9s de los enlaces que nuestra web pone a su disposici\u00f3n, le comunicamos que Cuchillas Industriales Sharp SL queda eximida de cualquier responsabilidad por los da\u00f1os y perjuicios de toda clase que pudiesen derivar por la utilizaci\u00f3n de esas p\u00e1ginas web ajenas a la nuestra por parte del USUARIO. Cuchillas Industriales Sharp SL se reserva el derecho de ejercitar las acciones legales oportunas contra aquellos USUARIOS que vulneren las presentes condiciones generales de uso, aceptando el USUARIO que la no iniciaci\u00f3n de estas acciones no constituye una renuncia formal a los mismas, permaneciendo \u00e9stas vigentes hasta los plazos de prescripci\u00f3n de las infracciones.<\/p>\n<p><strong>C. PROTECCI\u00d3N DE DATOS PERSONALES<\/strong><\/p>\n<p>La confidencialidad, el secreto profesional y la seguridad son valores primordiales de DAVID MOVSESYAN, que asume el compromiso de garantizar la privacidad del USUARIO en todo momento y en todas las interacciones con aquel. DAVID MOVSESYAN asume tambi\u00e9n el compromiso de no recabar informaci\u00f3n innecesaria sobre el USUARIO. Asimismo, nos comprometemos a tratar con extrema diligencia la informaci\u00f3n personal que el USUARIO pueda facilitar a trav\u00e9s de nuestra web.<\/p>\n<p>De conformidad con la Ley Org\u00e1nica 15\/1999 de Protecci\u00f3n de Datos de Car\u00e1cter Personal (LOPD), y Real Decreto 1720\/2007 de desarrollo de la LOPD, le informamos que la utilizaci\u00f3n de determinados servicios en nuestra web requiere que nos facilite determinados datos personales a trav\u00e9s de formularios de registro o mediante el env\u00edo de mensajes de correo electr\u00f3nico, y que \u00e9stos ser\u00e1n objeto de tratamiento e incorporados a los ficheros de Cuchillas Industriales Sharp SL titular y responsable del mismo. El env\u00edo referido de los datos personales constituye el consentimiento expreso al tratamiento de los mismos, si bien de car\u00e1cter revocable y sin efectos retroactivos.<\/p>\n<p>Asimismo le informamos que todos nuestros ficheros se encuentran legalmente inscritos en el Registro General de Datos Personales de la Agencia Espa\u00f1ola de Protecci\u00f3n de Datos, as\u00ed como que para salvaguardar la seguridad de sus datos personales se aplicar\u00e1n las medidas de seguridad t\u00e9cnicas y organizativas exigidas en el Real Decreto 1720\/2007 que regula el reglamento de medidas de seguridad de los ficheros que contengan datos de car\u00e1cter personal.<\/p>\n<p><strong>USO DE SUS DATOS PERSONALES<\/strong><\/p>\n<p>Los datos que le solicitamos son los adecuados, pertinentes y estrictamente necesarios para la finalidad por la que se recogen, y en ning\u00fan caso est\u00e1 obligado a facilit\u00e1rnoslos. Asimismo, nos certifica que todos los datos que nos facilita son ciertos, veraces y pertinentes para la finalidad por la que se los solicitamos. Nuestra web, recoge sus datos personales mediante la recepci\u00f3n de diversos formularios y a trav\u00e9s del correo electr\u00f3nico donde puede solicitarnos cualquier tipo de informaci\u00f3n, aclaraci\u00f3n o duda, e incluso remitirnos su curr\u00edculum vitae. El env\u00edo de los mismos implica su autorizaci\u00f3n a incorporarlos a nuestros ficheros correspondientes, si Cuchillas Industriales Sharp SL lo considera conveniente, y \u00e9stos estar\u00e1n regulados por las presentes pol\u00edticas de privacidad. Sus datos ser\u00e1n incorporados a nuestros ficheros de tratamiento de datos.<\/p>\n<p>DAVID MOVSESYAN, se reserva el derecho de decidir la incorporaci\u00f3n o no de sus datos personales a sus ficheros.<\/p>\n<p><strong>DERECHOS DE ACCESO, RECTIFICACI\u00d3N, CANCELACI\u00d3N DE SUS DATOS PERSONALES<\/strong><\/p>\n<p>En cualquier momento puede oponerse a nuestros env\u00edos comerciales, as\u00ed como ejercer sus derechos de acceso, rectificaci\u00f3n y cancelaci\u00f3n en los t\u00e9rminos establecidos legalmente, pudiendo dirigirse a: Cuchillas Industriales Sharp SL \u2013 info@sharpindustrial.es<\/p>\n<p><strong>COMUNICACIONES DE DATOS<\/strong><\/p>\n<p>Cuchillas Industriales Sharp SL le informa que sus datos son tratados confidencialmente y son utilizados exclusivamente de manera interna y para las finalidades indicadas. Por lo tanto, no cedemos ni comunicamos a ning\u00fan tercero tus datos, excepto en los casos legalmente previstos, o que el USUARIO nos autorice expresamente.<\/p>\n<p><strong>SEGURIDAD DE SUS DATOS PERSONALES<\/strong><\/p>\n<p>Con el objetivo de salvaguardar la seguridad de sus datos personales, le informamos que Cuchillas Industriales Sharp SL ha adoptado todas las medidas de \u00edndole t\u00e9cnica y organizativa necesarias para garantizar la seguridad de los datos personales suministrados de su alteraci\u00f3n, p\u00e9rdida, y tratamientos o accesos no autorizados, tal como exige el Real Decreto 1720\/2007 regula el reglamento de medidas de seguridad de los ficheros que contengan datos de car\u00e1cter personal.<\/p>\n<p><strong>ACTUALIZACI\u00d3N DE SUS DATOS<\/strong><\/p>\n<p>Es importante que para que podamos mantener sus datos personales actualizados, nos informe siempre que haya habido alguna modificaci\u00f3n en ellos, en caso contrario, no respondemos de la veracidad de los mismos.<\/p>\n<p>Consideramos que si no cancela sus datos personales expresamente de nuestros ficheros, contin\u00faa interesado en seguir incorporado a los mismos hasta que Cuchillas Industriales Sharp SL lo considere oportuno y mientras sea adecuado a la finalidad por la que se obtuvieron. Cuchillas Industriales Sharp SL, no se hace responsable de la pol\u00edtica de privacidad respecto a los datos personales que pueda facilitar a terceros por medio de los enlaces disponibles en nuestra web.<\/p>\n<p>Cuchillas Industriales Sharp SL puede modificar las presentes pol\u00edticas de privacidad para adaptarlas a las modificaciones que se produzca en nuestra web, as\u00ed como modificaciones legislativas o jurisprudenciales sobre datos personales que vayan apareciendo, por lo que exige su lectura, cada vez que nos facilite sus datos a trav\u00e9s de esta web.<\/p>\n<p><strong>D. RESPONSABILIDADES<\/strong><\/p>\n<p>Al poner a disposici\u00f3n del USUARIO esta web queremos ofrecerle una serie de contenidos y servicios de calidad, utilizando la m\u00e1xima diligencia en la prestaci\u00f3n de los mismos as\u00ed como en los medios tecnol\u00f3gicos utilizados. No obstante, no responderemos de la presencia de virus y otros elementos que de alg\u00fan modo puedan da\u00f1ar el sistema inform\u00e1tico del USUARIO.<\/p>\n<p>El USUARIO tiene prohibido cualquier tipo de acci\u00f3n sobre nuestra web que origine una sobrecarga a nuestros sistemas inform\u00e1ticos, as\u00ed como la introducci\u00f3n de virus, instalaci\u00f3n de robots o de software que altere el normal funcionamiento de nuestra web, o en definitiva pueda causar da\u00f1os a nuestros sistemas inform\u00e1ticos.<\/p>\n<p>El USUARIO asume toda la responsabilidad derivada del uso de nuestra web, siendo el \u00fanico responsable de todo efecto directo o indirecto que sobre la web se derive, incluyendo, de forma enunciativa y no limitativa, todo resultado econ\u00f3mico, t\u00e9cnico y\/o jur\u00eddico adverso, as\u00ed como la defraudaci\u00f3n de las expectativas generadas por nuestro portal, oblig\u00e1ndose el USUARIO a mantener indemne a DAVID MOVSESYAN por cualesquiera reclamaciones derivadas, directa o indirectamente de tales hechos.<\/p>\n<p>DAVID MOVSESYAN queda exonerado de responsabilidad por cualquier reclamaci\u00f3n respecto a los derechos de propiedad intelectual de los art\u00edculos e im\u00e1genes publicadas en su portal, as\u00ed como, no garantiza la exactitud, veracidad y vigencia de los contenidos de esta web, ya sean propios, de terceros, o enlazables a otras web sites, quedando totalmente exonerada de cualquier responsabilidad derivada del uso de la mismos.<\/p>\n<p>DAVID MOVSESYAN queda exonerada de cualquier responsabilidad derivada de cualquier reclamaci\u00f3n, incluido el pago de honorarios a abogados, por las demandas y reclamaciones originadas por terceros por el incumplimiento por parte del USUARIO de nuestras condiciones de uso, acceso y pol\u00edtica de privacidad, o cualesquiera otra reclamaci\u00f3n por el incumplimiento de la legislaci\u00f3n vigente.<\/p>\n<p>El USUARIO reconoce que ha entendido toda la informaci\u00f3n respecto a las condiciones de uso de nuestro portal, y reconoce que son suficientes para la exclusi\u00f3n del error en las mismas, y por lo tanto, las acepta integra y expresamente.<\/p>\n<p>El USUARIO es plenamente consciente de que la mera navegaci\u00f3n por la presente web, as\u00ed como la utilizaci\u00f3n de sus servicios, implica la aceptaci\u00f3n de las presentes condiciones de uso.<\/p>\n<p>Todo lo referente a nuestra web, se rige exclusivamente por las leyes espa\u00f1olas. En el caso de que se produzca cualquier tipo de discrepancia o diferencia entre las partes en relaci\u00f3n con la interpretaci\u00f3n y contenido de la presente web, todas las partes se someten, con renuncia expresa a cualquier otro fuero, a los Juzgados y Tribunales de Barcelona.<\/p>\n<p><strong>E. GOOGLE ANALYTICS<\/strong><\/p>\n<p>Esta p\u00e1gina web utiliza Google Analytics, un servicio anal\u00edtico de web prestado por Google, Inc., cuya oficina principal est\u00e1 en 1600 Amphitheatre Parkway, Mountain View (California), CA 94043, Estados Unidos (\u201cGoogle\u201d).<\/p>\n<p>Google Analytics utiliza \u201ccookies\u201d, que son archivos de texto ubicados en su ordenador, para ayudar al website a analizar el uso que hacen los usuarios del sitio web.<\/p>\n<p>La informaci\u00f3n que genera la cookie acerca de su uso del website (incluyendo su direcci\u00f3n IP) ser\u00e1 directamente transmitida y archivada por Google en los servidores de Estados Unidos.<\/p>\n<p>Google usar\u00e1 esta informaci\u00f3n por cuenta nuestra con el prop\u00f3sito de seguir la pista de su uso del website, recopilando informes de la actividad del website y prestando otros servicios relacionados con la actividad del website y el uso de Internet.<\/p>\n<p>Google podr\u00e1 transmitir dicha informaci\u00f3n a terceros cuando as\u00ed se lo requiera la legislaci\u00f3n, o cuando dichos terceros procesen la informaci\u00f3n por cuenta de Google.<\/p>\n<p>Google no asociar\u00e1 su direcci\u00f3n IP con ning\u00fan otro dato del que disponga Google.<\/p>\n<p>Esta web puede hacer uso de \u201ctracking tags\u201d en determinadas p\u00e1ginas para medici\u00f3n y optimizaci\u00f3n de campa\u00f1as de marketing de resultados, no almacen\u00e1ndose en ning\u00fan caso informaci\u00f3n personal del usuario.<\/p>\n<p>El USUARIO puede rechazar el tratamiento de los datos o la informaci\u00f3n rechazando el uso de cookies mediante la selecci\u00f3n de la configuraci\u00f3n apropiada de su navegador, sin embargo, debe saber que si lo hace puede ser que no pueda usar la plena funcionalidad de esta web. Al utilizar esta web el USUARIO consiente el tratamiento de esta informaci\u00f3n por Google en la forma y para los fines arriba indicados.<\/p>","protected":false},"excerpt":{"rendered":"<p>En cumplimiento de la Ley 34\/2002 de Servicios de la Sociedad de la Informaci\u00f3n y de Comercio Electr\u00f3nico de Espa\u00f1a, le informamos que esta web es propiedad de Cuchillas Industriales Sharp SL con N.I.F. B13649223. Esta web se rige por la normativa exclusivamente aplicable en Espa\u00f1a, quedando sometida a ella, tanto nacionales como extranjeros que [&#8230;]\n","protected":false},"author":1,"featured_media":0,"parent":0,"menu_order":0,"comment_status":"closed","ping_status":"closed","template":"","meta":{"footnotes":""},"class_list":["post-1997","page","type-page","status-publish","hentry"],"yoast_head":"<!-- This site is optimized with the Yoast SEO plugin v27.3 - https:\/\/yoast.com\/product\/yoast-seo-wordpress\/ -->\n<title>Aviso legal - SHARP INDUSTRIAL knives and spare parts<\/title>\n<meta name=\"description\" content=\"CUCHILLAS INDUSTRIALES Y REPUESTOS DE ALTO RENDIMIENTO. INDUSTRIAL KNIVES, SCREENS AND SPARE PARTS FOR MACHINERY.\" \/>\n<meta name=\"robots\" content=\"index, follow, max-snippet:-1, max-image-preview:large, max-video-preview:-1\" \/>\n<link rel=\"canonical\" href=\"https:\/\/sharpindustrial.es\/pt\/aviso-legal\/\" \/>\n<meta property=\"og:locale\" content=\"pt_PT\" \/>\n<meta property=\"og:type\" content=\"article\" \/>\n<meta property=\"og:title\" content=\"Aviso legal - SHARP INDUSTRIAL knives and spare parts\" \/>\n<meta property=\"og:description\" content=\"CUCHILLAS INDUSTRIALES Y REPUESTOS DE ALTO RENDIMIENTO. INDUSTRIAL KNIVES, SCREENS AND SPARE PARTS FOR MACHINERY.\" \/>\n<meta property=\"og:url\" content=\"https:\/\/sharpindustrial.es\/pt\/aviso-legal\/\" \/>\n<meta property=\"og:site_name\" content=\"SHARP INDUSTRIAL knives and spare parts\" \/>\n<meta property=\"article:publisher\" content=\"https:\/\/www.facebook.com\/profile.php?id=100075865576261\" \/>\n<meta property=\"article:modified_time\" content=\"2023-09-07T19:43:18+00:00\" \/>\n<meta property=\"og:image\" content=\"http:\/\/sharpindustrial.es\/wp-content\/uploads\/2023\/03\/aviso-legal.jpg\" \/>\n<meta name=\"twitter:card\" content=\"summary_large_image\" \/>\n<meta name=\"twitter:label1\" content=\"Tempo estimado de leitura\" \/>\n\t<meta name=\"twitter:data1\" content=\"10 minutos\" \/>\n<script type=\"application\/ld+json\" class=\"yoast-schema-graph\">{\"@context\":\"https:\\\/\\\/schema.org\",\"@graph\":[{\"@type\":\"WebPage\",\"@id\":\"https:\\\/\\\/sharpindustrial.es\\\/aviso-legal\\\/\",\"url\":\"https:\\\/\\\/sharpindustrial.es\\\/aviso-legal\\\/\",\"name\":\"Aviso legal - SHARP INDUSTRIAL knives and spare parts\",\"isPartOf\":{\"@id\":\"https:\\\/\\\/sharpindustrial.es\\\/#website\"},\"primaryImageOfPage\":{\"@id\":\"https:\\\/\\\/sharpindustrial.es\\\/aviso-legal\\\/#primaryimage\"},\"image\":{\"@id\":\"https:\\\/\\\/sharpindustrial.es\\\/aviso-legal\\\/#primaryimage\"},\"thumbnailUrl\":\"http:\\\/\\\/sharpindustrial.es\\\/wp-content\\\/uploads\\\/2023\\\/03\\\/aviso-legal.jpg\",\"datePublished\":\"2023-03-21T23:29:05+00:00\",\"dateModified\":\"2023-09-07T19:43:18+00:00\",\"description\":\"CUCHILLAS INDUSTRIALES Y REPUESTOS DE ALTO RENDIMIENTO. INDUSTRIAL KNIVES, SCREENS AND SPARE PARTS FOR MACHINERY.\",\"breadcrumb\":{\"@id\":\"https:\\\/\\\/sharpindustrial.es\\\/aviso-legal\\\/#breadcrumb\"},\"inLanguage\":\"pt-PT\",\"potentialAction\":[{\"@type\":\"ReadAction\",\"target\":[\"https:\\\/\\\/sharpindustrial.es\\\/aviso-legal\\\/\"]}]},{\"@type\":\"ImageObject\",\"inLanguage\":\"pt-PT\",\"@id\":\"https:\\\/\\\/sharpindustrial.es\\\/aviso-legal\\\/#primaryimage\",\"url\":\"http:\\\/\\\/sharpindustrial.es\\\/wp-content\\\/uploads\\\/2023\\\/03\\\/aviso-legal.jpg\",\"contentUrl\":\"http:\\\/\\\/sharpindustrial.es\\\/wp-content\\\/uploads\\\/2023\\\/03\\\/aviso-legal.jpg\"},{\"@type\":\"BreadcrumbList\",\"@id\":\"https:\\\/\\\/sharpindustrial.es\\\/aviso-legal\\\/#breadcrumb\",\"itemListElement\":[{\"@type\":\"ListItem\",\"position\":1,\"name\":\"Portada\",\"item\":\"https:\\\/\\\/sharpindustrial.es\\\/\"},{\"@type\":\"ListItem\",\"position\":2,\"name\":\"Aviso legal\"}]},{\"@type\":\"WebSite\",\"@id\":\"https:\\\/\\\/sharpindustrial.es\\\/#website\",\"url\":\"https:\\\/\\\/sharpindustrial.es\\\/\",\"name\":\"SHARP INDUSTRIAL knives and spare parts\",\"description\":\"Cuchillas industriales y repuestos, Industrial knives and machine blades, spare parts\",\"publisher\":{\"@id\":\"https:\\\/\\\/sharpindustrial.es\\\/#organization\"},\"potentialAction\":[{\"@type\":\"SearchAction\",\"target\":{\"@type\":\"EntryPoint\",\"urlTemplate\":\"https:\\\/\\\/sharpindustrial.es\\\/?s={search_term_string}\"},\"query-input\":{\"@type\":\"PropertyValueSpecification\",\"valueRequired\":true,\"valueName\":\"search_term_string\"}}],\"inLanguage\":\"pt-PT\"},{\"@type\":\"Organization\",\"@id\":\"https:\\\/\\\/sharpindustrial.es\\\/#organization\",\"name\":\"SHARP INDUSTRIAL\",\"url\":\"https:\\\/\\\/sharpindustrial.es\\\/\",\"logo\":{\"@type\":\"ImageObject\",\"inLanguage\":\"pt-PT\",\"@id\":\"https:\\\/\\\/sharpindustrial.es\\\/#\\\/schema\\\/logo\\\/image\\\/\",\"url\":\"https:\\\/\\\/sharpindustrial.es\\\/wp-content\\\/uploads\\\/2023\\\/03\\\/cuchillas-para-reciclado-industrial-knives-recycling.webp\",\"contentUrl\":\"https:\\\/\\\/sharpindustrial.es\\\/wp-content\\\/uploads\\\/2023\\\/03\\\/cuchillas-para-reciclado-industrial-knives-recycling.webp\",\"width\":800,\"height\":800,\"caption\":\"SHARP INDUSTRIAL\"},\"image\":{\"@id\":\"https:\\\/\\\/sharpindustrial.es\\\/#\\\/schema\\\/logo\\\/image\\\/\"},\"sameAs\":[\"https:\\\/\\\/www.facebook.com\\\/profile.php?id=100075865576261\",\"https:\\\/\\\/www.linkedin.com\\\/company\\\/sharpindustrial\\\/?originalSubdomain=es\"]}]}<\/script>\n<!-- \/ Yoast SEO plugin. -->","yoast_head_json":{"title":"Aviso legal - SHARP INDUSTRIAL knives and spare parts","description":"CUCHILLAS INDUSTRIALES Y REPUESTOS DE ALTO RENDIMIENTO. INDUSTRIAL KNIVES, SCREENS AND SPARE PARTS FOR MACHINERY.","robots":{"index":"index","follow":"follow","max-snippet":"max-snippet:-1","max-image-preview":"max-image-preview:large","max-video-preview":"max-video-preview:-1"},"canonical":"https:\/\/sharpindustrial.es\/pt\/aviso-legal\/","og_locale":"pt_PT","og_type":"article","og_title":"Aviso legal - SHARP INDUSTRIAL knives and spare parts","og_description":"CUCHILLAS INDUSTRIALES Y REPUESTOS DE ALTO RENDIMIENTO. INDUSTRIAL KNIVES, SCREENS AND SPARE PARTS FOR MACHINERY.","og_url":"https:\/\/sharpindustrial.es\/pt\/aviso-legal\/","og_site_name":"SHARP INDUSTRIAL knives and spare parts","article_publisher":"https:\/\/www.facebook.com\/profile.php?id=100075865576261","article_modified_time":"2023-09-07T19:43:18+00:00","og_image":[{"url":"http:\/\/sharpindustrial.es\/wp-content\/uploads\/2023\/03\/aviso-legal.jpg","type":"","width":"","height":""}],"twitter_card":"summary_large_image","twitter_misc":{"Tempo estimado de leitura":"10 minutos"},"schema":{"@context":"https:\/\/schema.org","@graph":[{"@type":"WebPage","@id":"https:\/\/sharpindustrial.es\/aviso-legal\/","url":"https:\/\/sharpindustrial.es\/aviso-legal\/","name":"Aviso legal - SHARP INDUSTRIAL knives and spare parts","isPartOf":{"@id":"https:\/\/sharpindustrial.es\/#website"},"primaryImageOfPage":{"@id":"https:\/\/sharpindustrial.es\/aviso-legal\/#primaryimage"},"image":{"@id":"https:\/\/sharpindustrial.es\/aviso-legal\/#primaryimage"},"thumbnailUrl":"http:\/\/sharpindustrial.es\/wp-content\/uploads\/2023\/03\/aviso-legal.jpg","datePublished":"2023-03-21T23:29:05+00:00","dateModified":"2023-09-07T19:43:18+00:00","description":"CUCHILLAS INDUSTRIALES Y REPUESTOS DE ALTO RENDIMIENTO. INDUSTRIAL KNIVES, SCREENS AND SPARE PARTS FOR MACHINERY.","breadcrumb":{"@id":"https:\/\/sharpindustrial.es\/aviso-legal\/#breadcrumb"},"inLanguage":"pt-PT","potentialAction":[{"@type":"ReadAction","target":["https:\/\/sharpindustrial.es\/aviso-legal\/"]}]},{"@type":"ImageObject","inLanguage":"pt-PT","@id":"https:\/\/sharpindustrial.es\/aviso-legal\/#primaryimage","url":"http:\/\/sharpindustrial.es\/wp-content\/uploads\/2023\/03\/aviso-legal.jpg","contentUrl":"http:\/\/sharpindustrial.es\/wp-content\/uploads\/2023\/03\/aviso-legal.jpg"},{"@type":"BreadcrumbList","@id":"https:\/\/sharpindustrial.es\/aviso-legal\/#breadcrumb","itemListElement":[{"@type":"ListItem","position":1,"name":"Portada","item":"https:\/\/sharpindustrial.es\/"},{"@type":"ListItem","position":2,"name":"Aviso legal"}]},{"@type":"WebSite","@id":"https:\/\/sharpindustrial.es\/#website","url":"https:\/\/sharpindustrial.es\/","name":"SHARP INDUSTRIAL knives and spare parts","description":"Cuchillas industriales y repuestos, Industrial knives and machine blades, spare parts","publisher":{"@id":"https:\/\/sharpindustrial.es\/#organization"},"potentialAction":[{"@type":"SearchAction","target":{"@type":"EntryPoint","urlTemplate":"https:\/\/sharpindustrial.es\/?s={search_term_string}"},"query-input":{"@type":"PropertyValueSpecification","valueRequired":true,"valueName":"search_term_string"}}],"inLanguage":"pt-PT"},{"@type":"Organization","@id":"https:\/\/sharpindustrial.es\/#organization","name":"SHARP INDUSTRIAL","url":"https:\/\/sharpindustrial.es\/","logo":{"@type":"ImageObject","inLanguage":"pt-PT","@id":"https:\/\/sharpindustrial.es\/#\/schema\/logo\/image\/","url":"https:\/\/sharpindustrial.es\/wp-content\/uploads\/2023\/03\/cuchillas-para-reciclado-industrial-knives-recycling.webp","contentUrl":"https:\/\/sharpindustrial.es\/wp-content\/uploads\/2023\/03\/cuchillas-para-reciclado-industrial-knives-recycling.webp","width":800,"height":800,"caption":"SHARP INDUSTRIAL"},"image":{"@id":"https:\/\/sharpindustrial.es\/#\/schema\/logo\/image\/"},"sameAs":["https:\/\/www.facebook.com\/profile.php?id=100075865576261","https:\/\/www.linkedin.com\/company\/sharpindustrial\/?originalSubdomain=es"]}]}},"_links":{"self":[{"href":"https:\/\/sharpindustrial.es\/pt\/wp-json\/wp\/v2\/pages\/1997","targetHints":{"allow":["GET"]}}],"collection":[{"href":"https:\/\/sharpindustrial.es\/pt\/wp-json\/wp\/v2\/pages"}],"about":[{"href":"https:\/\/sharpindustrial.es\/pt\/wp-json\/wp\/v2\/types\/page"}],"author":[{"embeddable":true,"href":"https:\/\/sharpindustrial.es\/pt\/wp-json\/wp\/v2\/users\/1"}],"replies":[{"embeddable":true,"href":"https:\/\/sharpindustrial.es\/pt\/wp-json\/wp\/v2\/comments?post=1997"}],"version-history":[{"count":5,"href":"https:\/\/sharpindustrial.es\/pt\/wp-json\/wp\/v2\/pages\/1997\/revisions"}],"predecessor-version":[{"id":2248,"href":"https:\/\/sharpindustrial.es\/pt\/wp-json\/wp\/v2\/pages\/1997\/revisions\/2248"}],"wp:attachment":[{"href":"https:\/\/sharpindustrial.es\/pt\/wp-json\/wp\/v2\/media?parent=1997"}],"curies":[{"name":"wp","href":"https:\/\/api.w.org\/{rel}","templated":true}]}}