{"id":1669,"date":"2023-02-06T21:32:49","date_gmt":"2023-02-06T21:32:49","guid":{"rendered":"https:\/\/sharpindustrial.es\/?page_id=1669"},"modified":"2023-03-30T10:47:37","modified_gmt":"2023-03-30T10:47:37","slug":"maquinaria","status":"publish","type":"page","link":"https:\/\/sharpindustrial.es\/pt\/maquinaria\/","title":{"rendered":"M\u00c1QUINAS"},"content":{"rendered":"<section class=\"section has-parallax\" id=\"section_1926982054\">\n\t\t<div class=\"bg section-bg fill bg-fill\" data-parallax-container=\".section\" data-parallax-background data-parallax=\"-6\">\n\n\t\t\t\n\t\t\t<div class=\"section-bg-overlay absolute fill\"><\/div>\n\t\t\t\n\n\t\t<\/div>\n\n\t\t<div class=\"section-content relative\">\n\t\t\t\n<div class=\"row\"  id=\"row-1208498973\">\n\n\t<div class=\"col small-12 large-12\"  >\n\t\t<div class=\"col-inner\"  >\n\t\t\t\n\t\t\t\n<h2 class=\"uppercase\" style=\"text-align: center;\"><em><span style=\"color: #ffffff;\">afiadores de l\u00e2minas industriais<\/span><\/em><\/h2>\n<p style=\"text-align: center;\"><span style=\"color: #ffffff;\">Na Sharp Industrial oferecemos m\u00e1quinas para afiar e retificar todos os tipos de l\u00e2minas industriais. Estas m\u00e1quinas destinam-se tanto a utilizadores profissionais que prestam servi\u00e7os de afia\u00e7\u00e3o a outras empresas, como a clientes que, devido ao elevado consumo de l\u00e2minas, necessitam de ter um servi\u00e7o de afia\u00e7\u00e3o nas suas pr\u00f3prias instala\u00e7\u00f5es.<\/span><\/p>\n\t\t<\/div>\n\t<\/div>\n\n\t\n<\/div>\n<div class=\"row\"  id=\"row-2145495778\">\n\n\t<div class=\"col medium-4 small-12 large-4\"  >\n\t\t<div class=\"col-inner\"  >\n\t\t\t\n\t\t\t\n\t<div class=\"box has-hover   has-hover box-text-bottom\" >\n\n\t\t<div class=\"box-image\" >\n\t\t\t\t\t\t<div class=\"image-cover\" style=\"padding-top:100%;\">\n\t\t\t\t<img decoding=\"async\" width=\"1116\" height=\"863\" src=\"https:\/\/sharpindustrial.es\/wp-content\/uploads\/2023\/02\/AFILADORA-DE-CUCHILLAS-INDUSTRIALES.png\" class=\"attachment- size-\" alt=\"\" srcset=\"https:\/\/sharpindustrial.es\/wp-content\/uploads\/2023\/02\/AFILADORA-DE-CUCHILLAS-INDUSTRIALES.png 1116w, https:\/\/sharpindustrial.es\/wp-content\/uploads\/2023\/02\/AFILADORA-DE-CUCHILLAS-INDUSTRIALES-300x232.png 300w, https:\/\/sharpindustrial.es\/wp-content\/uploads\/2023\/02\/AFILADORA-DE-CUCHILLAS-INDUSTRIALES-1024x792.png 1024w, https:\/\/sharpindustrial.es\/wp-content\/uploads\/2023\/02\/AFILADORA-DE-CUCHILLAS-INDUSTRIALES-768x594.png 768w, https:\/\/sharpindustrial.es\/wp-content\/uploads\/2023\/02\/AFILADORA-DE-CUCHILLAS-INDUSTRIALES-16x12.png 16w, https:\/\/sharpindustrial.es\/wp-content\/uploads\/2023\/02\/AFILADORA-DE-CUCHILLAS-INDUSTRIALES-600x464.png 600w, https:\/\/sharpindustrial.es\/wp-content\/uploads\/2023\/02\/AFILADORA-DE-CUCHILLAS-INDUSTRIALES-48x37.png 48w\" sizes=\"(max-width: 1116px) 100vw, 1116px\" \/>\t\t\t\t\t\t\t\t\t\t\t<\/div>\n\t\t\t\t\t<\/div>\n\n\t\t<div class=\"box-text text-center\" >\n\t\t\t<div class=\"box-text-inner\">\n\t\t\t\t\n<h3 class=\"LC20lb MBeuO DKV0Md\"><span style=\"color: #ffffff; font-size: 110%;\">M\u00e1quinas de afiar e retificar<\/span><\/h3>\n<p><span style=\"color: #ffffff;\">Para las cuchillas rectas de 0 a 90\u00ba<\/span><\/p>\n\t\t\t<\/div>\n\t\t<\/div>\n\t<\/div>\n\t\n\t\t<\/div>\n\t<\/div>\n\n\t\n\n\t<div class=\"col medium-4 small-12 large-4\"  >\n\t\t<div class=\"col-inner\"  >\n\t\t\t\n\t\t\t\n\t<div class=\"box has-hover   has-hover box-text-bottom\" >\n\n\t\t<div class=\"box-image\" >\n\t\t\t\t\t\t<div class=\"image-cover\" style=\"padding-top:100%;\">\n\t\t\t\t<img decoding=\"async\" width=\"768\" height=\"1024\" src=\"https:\/\/sharpindustrial.es\/wp-content\/uploads\/2023\/02\/AFILADORA-RECTIFICADORA-DE-CUCHILLAS-INDUSTRIALES.jpg\" class=\"attachment- size-\" alt=\"\" srcset=\"https:\/\/sharpindustrial.es\/wp-content\/uploads\/2023\/02\/AFILADORA-RECTIFICADORA-DE-CUCHILLAS-INDUSTRIALES.jpg 768w, https:\/\/sharpindustrial.es\/wp-content\/uploads\/2023\/02\/AFILADORA-RECTIFICADORA-DE-CUCHILLAS-INDUSTRIALES-225x300.jpg 225w, https:\/\/sharpindustrial.es\/wp-content\/uploads\/2023\/02\/AFILADORA-RECTIFICADORA-DE-CUCHILLAS-INDUSTRIALES-9x12.jpg 9w, https:\/\/sharpindustrial.es\/wp-content\/uploads\/2023\/02\/AFILADORA-RECTIFICADORA-DE-CUCHILLAS-INDUSTRIALES-600x800.jpg 600w, https:\/\/sharpindustrial.es\/wp-content\/uploads\/2023\/02\/AFILADORA-RECTIFICADORA-DE-CUCHILLAS-INDUSTRIALES-48x64.jpg 48w\" sizes=\"(max-width: 768px) 100vw, 768px\" \/>\t\t\t\t\t\t\t\t\t\t\t<\/div>\n\t\t\t\t\t<\/div>\n\n\t\t<div class=\"box-text text-center\" >\n\t\t\t<div class=\"box-text-inner\">\n\t\t\t\t\n<h3><span style=\"color: #ffffff; font-size: 110%;\"><strong>M\u00e1quinas para afiar l\u00e2minas<\/strong><\/span><\/h3>\n<p><span style=\"color: #ffffff;\">Molinos, Guillotinas, Aglomeradores, Cizallas etc.<\/span><\/p>\n\t\t\t<\/div>\n\t\t<\/div>\n\t<\/div>\n\t\n\t\t<\/div>\n\t<\/div>\n\n\t\n\n\t<div class=\"col medium-4 small-12 large-4\"  >\n\t\t<div class=\"col-inner\"  >\n\t\t\t\n\t\t\t\n\t<div class=\"box has-hover   has-hover box-text-bottom\" >\n\n\t\t<div class=\"box-image\" >\n\t\t\t\t\t\t<div class=\"image-cover\" style=\"padding-top:100%;\">\n\t\t\t\t<img decoding=\"async\" width=\"2560\" height=\"1801\" src=\"https:\/\/sharpindustrial.es\/wp-content\/uploads\/2023\/02\/INDUSTRIAL-KNIVES-SHARPENING-MACHINE-scaled.jpg\" class=\"attachment- size-\" alt=\"\" srcset=\"https:\/\/sharpindustrial.es\/wp-content\/uploads\/2023\/02\/INDUSTRIAL-KNIVES-SHARPENING-MACHINE-scaled.jpg 2560w, https:\/\/sharpindustrial.es\/wp-content\/uploads\/2023\/02\/INDUSTRIAL-KNIVES-SHARPENING-MACHINE-300x211.jpg 300w, https:\/\/sharpindustrial.es\/wp-content\/uploads\/2023\/02\/INDUSTRIAL-KNIVES-SHARPENING-MACHINE-1024x721.jpg 1024w, https:\/\/sharpindustrial.es\/wp-content\/uploads\/2023\/02\/INDUSTRIAL-KNIVES-SHARPENING-MACHINE-768x540.jpg 768w, https:\/\/sharpindustrial.es\/wp-content\/uploads\/2023\/02\/INDUSTRIAL-KNIVES-SHARPENING-MACHINE-1536x1081.jpg 1536w, https:\/\/sharpindustrial.es\/wp-content\/uploads\/2023\/02\/INDUSTRIAL-KNIVES-SHARPENING-MACHINE-2048x1441.jpg 2048w, https:\/\/sharpindustrial.es\/wp-content\/uploads\/2023\/02\/INDUSTRIAL-KNIVES-SHARPENING-MACHINE-18x12.jpg 18w, https:\/\/sharpindustrial.es\/wp-content\/uploads\/2023\/02\/INDUSTRIAL-KNIVES-SHARPENING-MACHINE-1320x929.jpg 1320w, https:\/\/sharpindustrial.es\/wp-content\/uploads\/2023\/02\/INDUSTRIAL-KNIVES-SHARPENING-MACHINE-600x422.jpg 600w, https:\/\/sharpindustrial.es\/wp-content\/uploads\/2023\/02\/INDUSTRIAL-KNIVES-SHARPENING-MACHINE-48x34.jpg 48w\" sizes=\"(max-width: 2560px) 100vw, 2560px\" \/>\t\t\t\t\t\t\t\t\t\t\t<\/div>\n\t\t\t\t\t<\/div>\n\n\t\t<div class=\"box-text text-center\" >\n\t\t\t<div class=\"box-text-inner\">\n\t\t\t\t\n<h3><span style=\"color: #ffffff; font-size: 110%;\">M\u00e1quina de afia\u00e7\u00e3o linear autom\u00e1tica<\/span><\/h3>\n<p><span style=\"color: #ffffff;\">De distintos largos y potencia<\/span><\/p>\n\t\t\t<\/div>\n\t\t<\/div>\n\t<\/div>\n\t\n\t\t<\/div>\n\t<\/div>\n\n\t\n<\/div>\n<div class=\"row align-center\"  id=\"row-2081000130\">\n\n\t<div class=\"col medium-10 small-12 large-10\"  >\n\t\t<div class=\"col-inner text-center\"  >\n\t\t\t\n\t\t\t\n<a data-animate=\"bounceIn\" href=\"https:\/\/sharpindustrial.es\/pt\/contacto\/\" target=\"_self\" class=\"button primary is-shade\"  style=\"border-radius:10px;\">\n    <span>CONT\u00c1CTENOS<\/span>\n  <i class=\"icon-envelop\" ><\/i><\/a>\n\n\t\t<\/div>\n\t<\/div>\n\n\t\n\n<style scope=\"scope\">\n\n<\/style>\n<\/div>\n\t\t<\/div>\n\n\t\t\n<style scope=\"scope\">\n\n#section_1926982054 {\n  padding-top: 30px;\n  padding-bottom: 30px;\n  min-height: 300px;\n  background-color: rgb(245, 245, 245);\n}\n#section_1926982054 .section-bg-overlay {\n  background-color: rgba(85, 85, 85, 0.58);\n}\n#section_1926982054 .section-bg.bg-loaded {\n  background-image: url(https:\/\/sharpindustrial.es\/wp-content\/uploads\/2023\/01\/afilado-cuchillas-industriales-ARTEC-2.jpg);\n}\n<\/style>\n\t<\/section>","protected":false},"excerpt":{"rendered":"","protected":false},"author":1,"featured_media":1674,"parent":0,"menu_order":0,"comment_status":"closed","ping_status":"closed","template":"","meta":{"footnotes":""},"class_list":["post-1669","page","type-page","status-publish","has-post-thumbnail","hentry"],"yoast_head":"<!-- This site is optimized with the Yoast SEO plugin v27.3 - https:\/\/yoast.com\/product\/yoast-seo-wordpress\/ -->\n<title>AFILADORAS DE CUCHILLAS INDUSTRIALES Y MAQUINAR\u00cdA - SHARP INDUSTRIAL knives and spare parts<\/title>\n<meta name=\"description\" content=\"CUCHILLAS INDUSTRIALES Y REPUESTOS DE ALTO RENDIMIENTO. INDUSTRIAL KNIVES, SCREENS AND SPARE PARTS FOR MACHINERY.\" \/>\n<meta name=\"robots\" content=\"index, follow, max-snippet:-1, max-image-preview:large, max-video-preview:-1\" \/>\n<link rel=\"canonical\" href=\"https:\/\/sharpindustrial.es\/pt\/maquinaria\/\" \/>\n<meta property=\"og:locale\" content=\"pt_PT\" \/>\n<meta property=\"og:type\" content=\"article\" \/>\n<meta property=\"og:title\" content=\"AFILADORAS DE CUCHILLAS INDUSTRIALES Y MAQUINAR\u00cdA - SHARP INDUSTRIAL knives and spare parts\" \/>\n<meta property=\"og:description\" content=\"CUCHILLAS INDUSTRIALES Y REPUESTOS DE ALTO RENDIMIENTO. INDUSTRIAL KNIVES, SCREENS AND SPARE PARTS FOR MACHINERY.\" \/>\n<meta property=\"og:url\" content=\"https:\/\/sharpindustrial.es\/pt\/maquinaria\/\" \/>\n<meta property=\"og:site_name\" content=\"SHARP INDUSTRIAL knives and spare parts\" \/>\n<meta property=\"article:publisher\" content=\"https:\/\/www.facebook.com\/profile.php?id=100075865576261\" \/>\n<meta property=\"article:modified_time\" content=\"2023-03-30T10:47:37+00:00\" \/>\n<meta property=\"og:image\" content=\"http:\/\/sharpindustrial.es\/wp-content\/uploads\/2023\/02\/MAQUINA-AFILADORA-DE-CUCHILLAS-INDUSTRIALES.png\" \/>\n\t<meta property=\"og:image:width\" content=\"979\" \/>\n\t<meta property=\"og:image:height\" content=\"829\" \/>\n\t<meta property=\"og:image:type\" content=\"image\/png\" \/>\n<meta name=\"twitter:card\" content=\"summary_large_image\" \/>\n<meta name=\"twitter:label1\" content=\"Tempo estimado de leitura\" \/>\n\t<meta name=\"twitter:data1\" content=\"1 minuto\" \/>\n<script type=\"application\/ld+json\" class=\"yoast-schema-graph\">{\"@context\":\"https:\\\/\\\/schema.org\",\"@graph\":[{\"@type\":\"WebPage\",\"@id\":\"https:\\\/\\\/sharpindustrial.es\\\/maquinaria\\\/\",\"url\":\"https:\\\/\\\/sharpindustrial.es\\\/maquinaria\\\/\",\"name\":\"AFILADORAS DE CUCHILLAS INDUSTRIALES Y MAQUINAR\u00cdA - SHARP INDUSTRIAL knives and spare parts\",\"isPartOf\":{\"@id\":\"https:\\\/\\\/sharpindustrial.es\\\/#website\"},\"primaryImageOfPage\":{\"@id\":\"https:\\\/\\\/sharpindustrial.es\\\/maquinaria\\\/#primaryimage\"},\"image\":{\"@id\":\"https:\\\/\\\/sharpindustrial.es\\\/maquinaria\\\/#primaryimage\"},\"thumbnailUrl\":\"https:\\\/\\\/sharpindustrial.es\\\/wp-content\\\/uploads\\\/2023\\\/02\\\/MAQUINA-AFILADORA-DE-CUCHILLAS-INDUSTRIALES.png\",\"datePublished\":\"2023-02-06T21:32:49+00:00\",\"dateModified\":\"2023-03-30T10:47:37+00:00\",\"description\":\"CUCHILLAS INDUSTRIALES Y REPUESTOS DE ALTO RENDIMIENTO. INDUSTRIAL KNIVES, SCREENS AND SPARE PARTS FOR MACHINERY.\",\"breadcrumb\":{\"@id\":\"https:\\\/\\\/sharpindustrial.es\\\/maquinaria\\\/#breadcrumb\"},\"inLanguage\":\"pt-PT\",\"potentialAction\":[{\"@type\":\"ReadAction\",\"target\":[\"https:\\\/\\\/sharpindustrial.es\\\/maquinaria\\\/\"]}]},{\"@type\":\"ImageObject\",\"inLanguage\":\"pt-PT\",\"@id\":\"https:\\\/\\\/sharpindustrial.es\\\/maquinaria\\\/#primaryimage\",\"url\":\"https:\\\/\\\/sharpindustrial.es\\\/wp-content\\\/uploads\\\/2023\\\/02\\\/MAQUINA-AFILADORA-DE-CUCHILLAS-INDUSTRIALES.png\",\"contentUrl\":\"https:\\\/\\\/sharpindustrial.es\\\/wp-content\\\/uploads\\\/2023\\\/02\\\/MAQUINA-AFILADORA-DE-CUCHILLAS-INDUSTRIALES.png\",\"width\":979,\"height\":829},{\"@type\":\"BreadcrumbList\",\"@id\":\"https:\\\/\\\/sharpindustrial.es\\\/maquinaria\\\/#breadcrumb\",\"itemListElement\":[{\"@type\":\"ListItem\",\"position\":1,\"name\":\"Portada\",\"item\":\"https:\\\/\\\/sharpindustrial.es\\\/\"},{\"@type\":\"ListItem\",\"position\":2,\"name\":\"MAQUINAR\u00cdA\"}]},{\"@type\":\"WebSite\",\"@id\":\"https:\\\/\\\/sharpindustrial.es\\\/#website\",\"url\":\"https:\\\/\\\/sharpindustrial.es\\\/\",\"name\":\"SHARP INDUSTRIAL knives and spare parts\",\"description\":\"Cuchillas industriales y repuestos, Industrial knives and machine blades, spare parts\",\"publisher\":{\"@id\":\"https:\\\/\\\/sharpindustrial.es\\\/#organization\"},\"potentialAction\":[{\"@type\":\"SearchAction\",\"target\":{\"@type\":\"EntryPoint\",\"urlTemplate\":\"https:\\\/\\\/sharpindustrial.es\\\/?s={search_term_string}\"},\"query-input\":{\"@type\":\"PropertyValueSpecification\",\"valueRequired\":true,\"valueName\":\"search_term_string\"}}],\"inLanguage\":\"pt-PT\"},{\"@type\":\"Organization\",\"@id\":\"https:\\\/\\\/sharpindustrial.es\\\/#organization\",\"name\":\"SHARP INDUSTRIAL\",\"url\":\"https:\\\/\\\/sharpindustrial.es\\\/\",\"logo\":{\"@type\":\"ImageObject\",\"inLanguage\":\"pt-PT\",\"@id\":\"https:\\\/\\\/sharpindustrial.es\\\/#\\\/schema\\\/logo\\\/image\\\/\",\"url\":\"https:\\\/\\\/sharpindustrial.es\\\/wp-content\\\/uploads\\\/2023\\\/03\\\/cuchillas-para-reciclado-industrial-knives-recycling.webp\",\"contentUrl\":\"https:\\\/\\\/sharpindustrial.es\\\/wp-content\\\/uploads\\\/2023\\\/03\\\/cuchillas-para-reciclado-industrial-knives-recycling.webp\",\"width\":800,\"height\":800,\"caption\":\"SHARP INDUSTRIAL\"},\"image\":{\"@id\":\"https:\\\/\\\/sharpindustrial.es\\\/#\\\/schema\\\/logo\\\/image\\\/\"},\"sameAs\":[\"https:\\\/\\\/www.facebook.com\\\/profile.php?id=100075865576261\",\"https:\\\/\\\/www.linkedin.com\\\/company\\\/sharpindustrial\\\/?originalSubdomain=es\"]}]}<\/script>\n<!-- \/ Yoast SEO plugin. -->","yoast_head_json":{"title":"AFILADORAS DE CUCHILLAS INDUSTRIALES Y MAQUINAR\u00cdA - SHARP INDUSTRIAL knives and spare parts","description":"CUCHILLAS INDUSTRIALES Y REPUESTOS DE ALTO RENDIMIENTO. INDUSTRIAL KNIVES, SCREENS AND SPARE PARTS FOR MACHINERY.","robots":{"index":"index","follow":"follow","max-snippet":"max-snippet:-1","max-image-preview":"max-image-preview:large","max-video-preview":"max-video-preview:-1"},"canonical":"https:\/\/sharpindustrial.es\/pt\/maquinaria\/","og_locale":"pt_PT","og_type":"article","og_title":"AFILADORAS DE CUCHILLAS INDUSTRIALES Y MAQUINAR\u00cdA - SHARP INDUSTRIAL knives and spare parts","og_description":"CUCHILLAS INDUSTRIALES Y REPUESTOS DE ALTO RENDIMIENTO. INDUSTRIAL KNIVES, SCREENS AND SPARE PARTS FOR MACHINERY.","og_url":"https:\/\/sharpindustrial.es\/pt\/maquinaria\/","og_site_name":"SHARP INDUSTRIAL knives and spare parts","article_publisher":"https:\/\/www.facebook.com\/profile.php?id=100075865576261","article_modified_time":"2023-03-30T10:47:37+00:00","og_image":[{"width":979,"height":829,"url":"http:\/\/sharpindustrial.es\/wp-content\/uploads\/2023\/02\/MAQUINA-AFILADORA-DE-CUCHILLAS-INDUSTRIALES.png","type":"image\/png"}],"twitter_card":"summary_large_image","twitter_misc":{"Tempo estimado de leitura":"1 minuto"},"schema":{"@context":"https:\/\/schema.org","@graph":[{"@type":"WebPage","@id":"https:\/\/sharpindustrial.es\/maquinaria\/","url":"https:\/\/sharpindustrial.es\/maquinaria\/","name":"AFILADORAS DE CUCHILLAS INDUSTRIALES Y MAQUINAR\u00cdA - SHARP INDUSTRIAL knives and spare parts","isPartOf":{"@id":"https:\/\/sharpindustrial.es\/#website"},"primaryImageOfPage":{"@id":"https:\/\/sharpindustrial.es\/maquinaria\/#primaryimage"},"image":{"@id":"https:\/\/sharpindustrial.es\/maquinaria\/#primaryimage"},"thumbnailUrl":"https:\/\/sharpindustrial.es\/wp-content\/uploads\/2023\/02\/MAQUINA-AFILADORA-DE-CUCHILLAS-INDUSTRIALES.png","datePublished":"2023-02-06T21:32:49+00:00","dateModified":"2023-03-30T10:47:37+00:00","description":"CUCHILLAS INDUSTRIALES Y REPUESTOS DE ALTO RENDIMIENTO. INDUSTRIAL KNIVES, SCREENS AND SPARE PARTS FOR MACHINERY.","breadcrumb":{"@id":"https:\/\/sharpindustrial.es\/maquinaria\/#breadcrumb"},"inLanguage":"pt-PT","potentialAction":[{"@type":"ReadAction","target":["https:\/\/sharpindustrial.es\/maquinaria\/"]}]},{"@type":"ImageObject","inLanguage":"pt-PT","@id":"https:\/\/sharpindustrial.es\/maquinaria\/#primaryimage","url":"https:\/\/sharpindustrial.es\/wp-content\/uploads\/2023\/02\/MAQUINA-AFILADORA-DE-CUCHILLAS-INDUSTRIALES.png","contentUrl":"https:\/\/sharpindustrial.es\/wp-content\/uploads\/2023\/02\/MAQUINA-AFILADORA-DE-CUCHILLAS-INDUSTRIALES.png","width":979,"height":829},{"@type":"BreadcrumbList","@id":"https:\/\/sharpindustrial.es\/maquinaria\/#breadcrumb","itemListElement":[{"@type":"ListItem","position":1,"name":"Portada","item":"https:\/\/sharpindustrial.es\/"},{"@type":"ListItem","position":2,"name":"MAQUINAR\u00cdA"}]},{"@type":"WebSite","@id":"https:\/\/sharpindustrial.es\/#website","url":"https:\/\/sharpindustrial.es\/","name":"SHARP INDUSTRIAL knives and spare parts","description":"Cuchillas industriales y repuestos, Industrial knives and machine blades, spare parts","publisher":{"@id":"https:\/\/sharpindustrial.es\/#organization"},"potentialAction":[{"@type":"SearchAction","target":{"@type":"EntryPoint","urlTemplate":"https:\/\/sharpindustrial.es\/?s={search_term_string}"},"query-input":{"@type":"PropertyValueSpecification","valueRequired":true,"valueName":"search_term_string"}}],"inLanguage":"pt-PT"},{"@type":"Organization","@id":"https:\/\/sharpindustrial.es\/#organization","name":"SHARP INDUSTRIAL","url":"https:\/\/sharpindustrial.es\/","logo":{"@type":"ImageObject","inLanguage":"pt-PT","@id":"https:\/\/sharpindustrial.es\/#\/schema\/logo\/image\/","url":"https:\/\/sharpindustrial.es\/wp-content\/uploads\/2023\/03\/cuchillas-para-reciclado-industrial-knives-recycling.webp","contentUrl":"https:\/\/sharpindustrial.es\/wp-content\/uploads\/2023\/03\/cuchillas-para-reciclado-industrial-knives-recycling.webp","width":800,"height":800,"caption":"SHARP INDUSTRIAL"},"image":{"@id":"https:\/\/sharpindustrial.es\/#\/schema\/logo\/image\/"},"sameAs":["https:\/\/www.facebook.com\/profile.php?id=100075865576261","https:\/\/www.linkedin.com\/company\/sharpindustrial\/?originalSubdomain=es"]}]}},"_links":{"self":[{"href":"https:\/\/sharpindustrial.es\/pt\/wp-json\/wp\/v2\/pages\/1669","targetHints":{"allow":["GET"]}}],"collection":[{"href":"https:\/\/sharpindustrial.es\/pt\/wp-json\/wp\/v2\/pages"}],"about":[{"href":"https:\/\/sharpindustrial.es\/pt\/wp-json\/wp\/v2\/types\/page"}],"author":[{"embeddable":true,"href":"https:\/\/sharpindustrial.es\/pt\/wp-json\/wp\/v2\/users\/1"}],"replies":[{"embeddable":true,"href":"https:\/\/sharpindustrial.es\/pt\/wp-json\/wp\/v2\/comments?post=1669"}],"version-history":[{"count":16,"href":"https:\/\/sharpindustrial.es\/pt\/wp-json\/wp\/v2\/pages\/1669\/revisions"}],"predecessor-version":[{"id":2079,"href":"https:\/\/sharpindustrial.es\/pt\/wp-json\/wp\/v2\/pages\/1669\/revisions\/2079"}],"wp:featuredmedia":[{"embeddable":true,"href":"https:\/\/sharpindustrial.es\/pt\/wp-json\/wp\/v2\/media\/1674"}],"wp:attachment":[{"href":"https:\/\/sharpindustrial.es\/pt\/wp-json\/wp\/v2\/media?parent=1669"}],"curies":[{"name":"wp","href":"https:\/\/api.w.org\/{rel}","templated":true}]}}