{"id":282,"date":"2023-01-16T17:32:03","date_gmt":"2023-01-16T17:32:03","guid":{"rendered":"https:\/\/sharpindustrial.es\/?page_id=282"},"modified":"2023-12-05T11:10:33","modified_gmt":"2023-12-05T11:10:33","slug":"politica-de-privacidad","status":"publish","type":"page","link":"https:\/\/sharpindustrial.es\/fr\/politica-de-privacidad\/","title":{"rendered":"Pol\u00edtica de privacidad"},"content":{"rendered":"<p><img decoding=\"async\" class=\"alignnone size-large wp-image-2014\" src=\"http:\/\/sharpindustrial.es\/wp-content\/uploads\/2023\/03\/Privacidad-banner-1024x320.jpg\" alt=\"\" width=\"1020\" height=\"319\" srcset=\"https:\/\/sharpindustrial.es\/wp-content\/uploads\/2023\/03\/Privacidad-banner-1024x320.jpg 1024w, https:\/\/sharpindustrial.es\/wp-content\/uploads\/2023\/03\/Privacidad-banner-300x94.jpg 300w, https:\/\/sharpindustrial.es\/wp-content\/uploads\/2023\/03\/Privacidad-banner-768x240.jpg 768w, https:\/\/sharpindustrial.es\/wp-content\/uploads\/2023\/03\/Privacidad-banner-1536x480.jpg 1536w, https:\/\/sharpindustrial.es\/wp-content\/uploads\/2023\/03\/Privacidad-banner-18x6.jpg 18w, https:\/\/sharpindustrial.es\/wp-content\/uploads\/2023\/03\/Privacidad-banner-1320x413.jpg 1320w, https:\/\/sharpindustrial.es\/wp-content\/uploads\/2023\/03\/Privacidad-banner-600x188.jpg 600w, https:\/\/sharpindustrial.es\/wp-content\/uploads\/2023\/03\/Privacidad-banner-48x15.jpg 48w, https:\/\/sharpindustrial.es\/wp-content\/uploads\/2023\/03\/Privacidad-banner.jpg 1920w\" sizes=\"(max-width: 1020px) 100vw, 1020px\" \/><\/p>\n<p><span style=\"font-size: 90%;\"><em><strong>SHARP INDUSTRIAL TOOLS SL<\/strong><\/em><\/span>, mediante la presente Pol\u00edtica de Privacidad informa a los USUARIOS del sitio web sobre su pol\u00edtica respecto al tratamiento y protecci\u00f3n de los datos de car\u00e1cter personal de los usuarios y clientes que puedan ser recabados por la navegaci\u00f3n o la contrataci\u00f3n de servicios a trav\u00e9s de nuestro sitio web.<\/p>\n<p>En este sentido, <span style=\"font-size: 90%;\"><em><strong>SHARP INDUSTRIAL TOOLS SL<\/strong><\/em><\/span> le informa de que sus datos ser\u00e1n tratados en conformidad con las normativas vigentes respecto a pol\u00edtica de privacidad, de acuerdo con lo establecido en el Reglamento (UE) 2016\/679 de 27 de abril de 2016 (RGPD).<\/p>\n<p>El uso de esta p\u00e1gina web implica la aceptaci\u00f3n de dicha pol\u00edtica de privacidad.<\/p>\n<p><strong>Responsable del Tratamiento<\/strong><\/p>\n<p><span style=\"font-size: 90%;\"><em><strong>SHARP INDUSTRIAL TOOLS SL<\/strong><\/em><\/span> es titular de la p\u00e1gina web www.sharpindustrial.es<\/p>\n<p>Correo electr\u00f3nico: <a href=\"mailto:info@sharpindustrial.es\">info@sharpindustrial.es<\/a><\/p>\n<p><strong>1. Obtenci\u00f3n de datos<\/strong><\/p>\n<p><span style=\"font-size: 90%;\"><em><strong>SHARP INDUSTRIAL TOOLS SL<\/strong><\/em><\/span> informa que los datos que se obtienen a trav\u00e9s de nuestra p\u00e1gina web, los formularios de la misma y los recibidos por correo electr\u00f3nico son aquellos que se nos facilitan voluntariamente por el usuario, los que se derivan de relaciones y comunicaciones con la empresa e informaci\u00f3n que sea leg\u00edtimamente extra\u00edble de los datos que tratamos.<\/p>\n<p>De la misma forma, tambi\u00e9n obtenemos datos a trav\u00e9s de informaci\u00f3n de terceros que nos proporcione el propio usuario o terceras personas previo consentimiento del mismo, existiendo una base leg\u00edtima.<\/p>\n<p><strong>2. Finalidad de la obtenci\u00f3n y recogida de datos<\/strong><\/p>\n<p><span style=\"font-size: 90%;\"><em><strong>SHARP INDUSTRIAL TOOLS SL<\/strong><\/em><\/span>\u00a0tratar\u00e1 los datos que le sean facilitados con el objetivo de ofrecerle los productos y\/o servicios que nos haya contratado, gestionar sus consultas o peticiones y cualquier otro supuesto que sea necesario para cumplir las relaciones comerciales que mantenga con nosotros.<\/p>\n<p>Asimismo, tambi\u00e9n se tratar\u00e1n los datos para remitirle comunicaciones comerciales, siempre con su consentimiento previo, as\u00ed como para analizar h\u00e1bitos de navegaci\u00f3n.<\/p>\n<p>En caso de querer formar parte del equipo de <span style=\"font-size: 90%;\"><em><strong>SHARP INDUSTRIAL TOOLS SL<\/strong><\/em><\/span>\u00a0se tratar\u00e1n los datos de los usuarios y la documentaci\u00f3n que nos sea facilitada con el fin de valorar el perfil del\/de la candidato\/a y considerarlo para posibles vacantes en la empresa.<\/p>\n<p><strong>3. Tratamiento de datos<\/strong><\/p>\n<p>De conformidad con la normativa aplicable, <span style=\"font-size: 90%;\"><em><strong>SHARP INDUSTRIAL TOOLS SL<\/strong><\/em><\/span> se compromete a tratar los datos a los que se tenga acceso aplicando las medidas t\u00e9cnicas, preventivas y organizativas adecuadas. De esta manera garantizamos el m\u00e1ximo nivel de seguridad y unos niveles de confidencialidad, integridad y disponibilidad \u00f3ptimos de los servicios y sistemas de tratamiento de datos.<\/p>\n<p><strong>4. Comunicaci\u00f3n de informaci\u00f3n a terceros<\/strong><\/p>\n<p><span style=\"font-size: 90%;\"><em><strong>SHARP INDUSTRIAL TOOLS SL<\/strong><\/em><\/span> informa a los usuarios de que sus datos personales no ser\u00e1n cedidos a terceras organizaciones, con la salvedad de que dicha cesi\u00f3n de datos est\u00e9 amparada en una obligaci\u00f3n legal o cuando la prestaci\u00f3n de un servicio implique la necesidad de una relaci\u00f3n contractual con un encargado de tratamiento. En este \u00faltimo caso, s\u00f3lo se llevar\u00e1 a cabo la cesi\u00f3n de datos al tercero cuando <span style=\"font-size: 90%;\"><em><strong>SHARP INDUSTRIAL TOOLS SL<\/strong><\/em><\/span> disponga del consentimiento expreso del usuario.<\/p>\n<p>Es posible que algunos de nuestros proveedores, por ejemplo Google, procesen datos fuera de las fronteras de la Uni\u00f3n Europea. En estos casos, exigimos al proveedor estar adscrito a un protocolo de adecuaci\u00f3n de protecci\u00f3n de datos aprobado por la Uni\u00f3n Europea.<\/p>\n<p><strong>5. Tiempo de conservaci\u00f3n de los datos<\/strong><\/p>\n<p><span style=\"font-size: 90%;\"><em><strong>SHARP INDUSTRIAL TOOLS SL<\/strong><\/em><\/span> conservar\u00e1 todos los datos del usuario hasta el momento en el que se solicite expresamente su supresi\u00f3n o, por el contrario, hasta que termine la relaci\u00f3n empresarial que lo una con nuestra empresa. En este caso, los datos se suprimir\u00e1n cuando queden cumplidos los t\u00e9rminos legales previstos.<\/p>\n<p><strong>6. Derechos de los usuarios<\/strong><\/p>\n<p>Usted siempre podr\u00e1 ejercer los derechos de acceso, rectificaci\u00f3n, supresi\u00f3n, limitaci\u00f3n, oposici\u00f3n y portabilidad de acuerdo con lo previsto en la normativa legal vigente en materia de pol\u00edtica de privacidad.<\/p>\n<p>Para hacer uso de estos derechos, deber\u00e1 dirigirse mediante comunicaci\u00f3n escrita, aportando documentaci\u00f3n que acredite su identidad (DNI o pasaporte), a la siguiente direcci\u00f3n:<\/p>\n<p><span style=\"font-size: 90%;\"><em><strong>SHARP INDUSTRIAL TOOLS SL<\/strong><\/em><\/span><\/p>\n<p>o mediante correo electr\u00f3nico: <a href=\"mailto:info@sharpindustrial.es\">info@sharpindustrial.es<\/a><\/p>\n<p>Dicha comunicaci\u00f3n deber\u00e1 indicar de forma clara y concisa sus datos identificativos y acreditativos, as\u00ed como su solicitud respecto a sus datos.<\/p>\n<p><strong>7. Responsabilidades de los usuarios<\/strong><\/p>\n<p>El usuario se responsabiliza de que todos los datos que se faciliten y se env\u00eden a <span style=\"font-size: 90%;\"><em><strong>SHARP INDUSTRIAL TOOLS SL<\/strong><\/em><\/span> son veraces, exactos, actualizados, vigentes y aut\u00e9nticos.<\/p>\n<p>Asimismo, tambi\u00e9n es responsable del consentimiento que se da a la empresa para su tratamiento y utilizaci\u00f3n. De la misma forma, el usuario se hace responsable de los datos de terceros que nos pueda facilitar, respecto a los cuales est\u00e1 obligado a tener consentimiento expreso.<\/p>\n<p><strong>8. Legislaci\u00f3n y jurisdicci\u00f3n<\/strong><\/p>\n<p>El hecho de entrar en el sitio web y en las aplicaciones de <span style=\"font-size: 90%;\"><em><strong>SHARP INDUSTRIAL TOOLS SL<\/strong><\/em><\/span> implica la aceptaci\u00f3n de las condiciones dispuestas en la presente Pol\u00edtica de Privacidad. En caso de no aceptar estas condiciones, deber\u00e1 evitar utilizar y visitar nuestra p\u00e1gina web.<\/p>\n<p>Todo tipo de inconveniente y controversia que pudiera darse, se regir\u00e1 por la legislaci\u00f3n espa\u00f1ola y se someter\u00e1 a los Juzgados y Tribunales de la ciudad m\u00e1s cercana al domicilio social de <span style=\"font-size: 90%;\"><em><strong>SHARP INDUSTRIAL TOOLS SL<\/strong><\/em><\/span>.<\/p>","protected":false},"excerpt":{"rendered":"<p>SHARP INDUSTRIAL TOOLS SL, mediante la presente Pol\u00edtica de Privacidad informa a los USUARIOS del sitio web sobre su pol\u00edtica respecto al tratamiento y protecci\u00f3n de los datos de car\u00e1cter personal de los usuarios y clientes que puedan ser recabados por la navegaci\u00f3n o la contrataci\u00f3n de servicios a trav\u00e9s de nuestro sitio web. En [&#8230;]\n","protected":false},"author":1,"featured_media":0,"parent":0,"menu_order":0,"comment_status":"closed","ping_status":"closed","template":"","meta":{"footnotes":""},"class_list":["post-282","page","type-page","status-publish","hentry"],"yoast_head":"<!-- This site is optimized with the Yoast SEO plugin v27.3 - https:\/\/yoast.com\/product\/yoast-seo-wordpress\/ -->\n<title>Pol\u00edtica de privacidad<\/title>\n<meta name=\"description\" content=\"La direcci\u00f3n de nuestra web es: http:\/\/sharpindustrial.es.\" \/>\n<meta name=\"robots\" content=\"index, follow, max-snippet:-1, max-image-preview:large, max-video-preview:-1\" \/>\n<link rel=\"canonical\" href=\"https:\/\/sharpindustrial.es\/fr\/politica-de-privacidad\/\" \/>\n<meta property=\"og:locale\" content=\"fr_FR\" \/>\n<meta property=\"og:type\" content=\"article\" \/>\n<meta property=\"og:title\" content=\"Pol\u00edtica de privacidad\" \/>\n<meta property=\"og:description\" content=\"La direcci\u00f3n de nuestra web es: http:\/\/sharpindustrial.es.\" \/>\n<meta property=\"og:url\" content=\"https:\/\/sharpindustrial.es\/fr\/politica-de-privacidad\/\" \/>\n<meta property=\"og:site_name\" content=\"SHARP INDUSTRIAL knives and spare parts\" \/>\n<meta property=\"article:publisher\" content=\"https:\/\/www.facebook.com\/profile.php?id=100075865576261\" \/>\n<meta property=\"article:modified_time\" content=\"2023-12-05T11:10:33+00:00\" \/>\n<meta property=\"og:image\" content=\"http:\/\/sharpindustrial.es\/wp-content\/uploads\/2023\/03\/Privacidad-banner-1024x320.jpg\" \/>\n<meta name=\"twitter:card\" content=\"summary_large_image\" \/>\n<meta name=\"twitter:label1\" content=\"Dur\u00e9e de lecture estim\u00e9e\" \/>\n\t<meta name=\"twitter:data1\" content=\"5 minutes\" \/>\n<script type=\"application\/ld+json\" class=\"yoast-schema-graph\">{\"@context\":\"https:\\\/\\\/schema.org\",\"@graph\":[{\"@type\":\"WebPage\",\"@id\":\"https:\\\/\\\/sharpindustrial.es\\\/politica-de-privacidad\\\/\",\"url\":\"https:\\\/\\\/sharpindustrial.es\\\/politica-de-privacidad\\\/\",\"name\":\"Pol\u00edtica de privacidad\",\"isPartOf\":{\"@id\":\"https:\\\/\\\/sharpindustrial.es\\\/#website\"},\"primaryImageOfPage\":{\"@id\":\"https:\\\/\\\/sharpindustrial.es\\\/politica-de-privacidad\\\/#primaryimage\"},\"image\":{\"@id\":\"https:\\\/\\\/sharpindustrial.es\\\/politica-de-privacidad\\\/#primaryimage\"},\"thumbnailUrl\":\"http:\\\/\\\/sharpindustrial.es\\\/wp-content\\\/uploads\\\/2023\\\/03\\\/Privacidad-banner-1024x320.jpg\",\"datePublished\":\"2023-01-16T17:32:03+00:00\",\"dateModified\":\"2023-12-05T11:10:33+00:00\",\"description\":\"La direcci\u00f3n de nuestra web es: http:\\\/\\\/sharpindustrial.es.\",\"breadcrumb\":{\"@id\":\"https:\\\/\\\/sharpindustrial.es\\\/politica-de-privacidad\\\/#breadcrumb\"},\"inLanguage\":\"fr-FR\",\"potentialAction\":[{\"@type\":\"ReadAction\",\"target\":[\"https:\\\/\\\/sharpindustrial.es\\\/politica-de-privacidad\\\/\"]}]},{\"@type\":\"ImageObject\",\"inLanguage\":\"fr-FR\",\"@id\":\"https:\\\/\\\/sharpindustrial.es\\\/politica-de-privacidad\\\/#primaryimage\",\"url\":\"http:\\\/\\\/sharpindustrial.es\\\/wp-content\\\/uploads\\\/2023\\\/03\\\/Privacidad-banner-1024x320.jpg\",\"contentUrl\":\"http:\\\/\\\/sharpindustrial.es\\\/wp-content\\\/uploads\\\/2023\\\/03\\\/Privacidad-banner-1024x320.jpg\"},{\"@type\":\"BreadcrumbList\",\"@id\":\"https:\\\/\\\/sharpindustrial.es\\\/politica-de-privacidad\\\/#breadcrumb\",\"itemListElement\":[{\"@type\":\"ListItem\",\"position\":1,\"name\":\"Portada\",\"item\":\"https:\\\/\\\/sharpindustrial.es\\\/\"},{\"@type\":\"ListItem\",\"position\":2,\"name\":\"Pol\u00edtica de privacidad\"}]},{\"@type\":\"WebSite\",\"@id\":\"https:\\\/\\\/sharpindustrial.es\\\/#website\",\"url\":\"https:\\\/\\\/sharpindustrial.es\\\/\",\"name\":\"SHARP INDUSTRIAL knives and spare parts\",\"description\":\"Cuchillas industriales y repuestos, Industrial knives and machine blades, spare parts\",\"publisher\":{\"@id\":\"https:\\\/\\\/sharpindustrial.es\\\/#organization\"},\"potentialAction\":[{\"@type\":\"SearchAction\",\"target\":{\"@type\":\"EntryPoint\",\"urlTemplate\":\"https:\\\/\\\/sharpindustrial.es\\\/?s={search_term_string}\"},\"query-input\":{\"@type\":\"PropertyValueSpecification\",\"valueRequired\":true,\"valueName\":\"search_term_string\"}}],\"inLanguage\":\"fr-FR\"},{\"@type\":\"Organization\",\"@id\":\"https:\\\/\\\/sharpindustrial.es\\\/#organization\",\"name\":\"SHARP INDUSTRIAL\",\"url\":\"https:\\\/\\\/sharpindustrial.es\\\/\",\"logo\":{\"@type\":\"ImageObject\",\"inLanguage\":\"fr-FR\",\"@id\":\"https:\\\/\\\/sharpindustrial.es\\\/#\\\/schema\\\/logo\\\/image\\\/\",\"url\":\"https:\\\/\\\/sharpindustrial.es\\\/wp-content\\\/uploads\\\/2023\\\/03\\\/cuchillas-para-reciclado-industrial-knives-recycling.webp\",\"contentUrl\":\"https:\\\/\\\/sharpindustrial.es\\\/wp-content\\\/uploads\\\/2023\\\/03\\\/cuchillas-para-reciclado-industrial-knives-recycling.webp\",\"width\":800,\"height\":800,\"caption\":\"SHARP INDUSTRIAL\"},\"image\":{\"@id\":\"https:\\\/\\\/sharpindustrial.es\\\/#\\\/schema\\\/logo\\\/image\\\/\"},\"sameAs\":[\"https:\\\/\\\/www.facebook.com\\\/profile.php?id=100075865576261\",\"https:\\\/\\\/www.linkedin.com\\\/company\\\/sharpindustrial\\\/?originalSubdomain=es\"]}]}<\/script>\n<!-- \/ Yoast SEO plugin. -->","yoast_head_json":{"title":"Pol\u00edtica de privacidad","description":"La direcci\u00f3n de nuestra web es: http:\/\/sharpindustrial.es.","robots":{"index":"index","follow":"follow","max-snippet":"max-snippet:-1","max-image-preview":"max-image-preview:large","max-video-preview":"max-video-preview:-1"},"canonical":"https:\/\/sharpindustrial.es\/fr\/politica-de-privacidad\/","og_locale":"fr_FR","og_type":"article","og_title":"Pol\u00edtica de privacidad","og_description":"La direcci\u00f3n de nuestra web es: http:\/\/sharpindustrial.es.","og_url":"https:\/\/sharpindustrial.es\/fr\/politica-de-privacidad\/","og_site_name":"SHARP INDUSTRIAL knives and spare parts","article_publisher":"https:\/\/www.facebook.com\/profile.php?id=100075865576261","article_modified_time":"2023-12-05T11:10:33+00:00","og_image":[{"url":"http:\/\/sharpindustrial.es\/wp-content\/uploads\/2023\/03\/Privacidad-banner-1024x320.jpg","type":"","width":"","height":""}],"twitter_card":"summary_large_image","twitter_misc":{"Dur\u00e9e de lecture estim\u00e9e":"5 minutes"},"schema":{"@context":"https:\/\/schema.org","@graph":[{"@type":"WebPage","@id":"https:\/\/sharpindustrial.es\/politica-de-privacidad\/","url":"https:\/\/sharpindustrial.es\/politica-de-privacidad\/","name":"Pol\u00edtica de privacidad","isPartOf":{"@id":"https:\/\/sharpindustrial.es\/#website"},"primaryImageOfPage":{"@id":"https:\/\/sharpindustrial.es\/politica-de-privacidad\/#primaryimage"},"image":{"@id":"https:\/\/sharpindustrial.es\/politica-de-privacidad\/#primaryimage"},"thumbnailUrl":"http:\/\/sharpindustrial.es\/wp-content\/uploads\/2023\/03\/Privacidad-banner-1024x320.jpg","datePublished":"2023-01-16T17:32:03+00:00","dateModified":"2023-12-05T11:10:33+00:00","description":"La direcci\u00f3n de nuestra web es: http:\/\/sharpindustrial.es.","breadcrumb":{"@id":"https:\/\/sharpindustrial.es\/politica-de-privacidad\/#breadcrumb"},"inLanguage":"fr-FR","potentialAction":[{"@type":"ReadAction","target":["https:\/\/sharpindustrial.es\/politica-de-privacidad\/"]}]},{"@type":"ImageObject","inLanguage":"fr-FR","@id":"https:\/\/sharpindustrial.es\/politica-de-privacidad\/#primaryimage","url":"http:\/\/sharpindustrial.es\/wp-content\/uploads\/2023\/03\/Privacidad-banner-1024x320.jpg","contentUrl":"http:\/\/sharpindustrial.es\/wp-content\/uploads\/2023\/03\/Privacidad-banner-1024x320.jpg"},{"@type":"BreadcrumbList","@id":"https:\/\/sharpindustrial.es\/politica-de-privacidad\/#breadcrumb","itemListElement":[{"@type":"ListItem","position":1,"name":"Portada","item":"https:\/\/sharpindustrial.es\/"},{"@type":"ListItem","position":2,"name":"Pol\u00edtica de privacidad"}]},{"@type":"WebSite","@id":"https:\/\/sharpindustrial.es\/#website","url":"https:\/\/sharpindustrial.es\/","name":"SHARP INDUSTRIAL knives and spare parts","description":"Cuchillas industriales y repuestos, Industrial knives and machine blades, spare parts","publisher":{"@id":"https:\/\/sharpindustrial.es\/#organization"},"potentialAction":[{"@type":"SearchAction","target":{"@type":"EntryPoint","urlTemplate":"https:\/\/sharpindustrial.es\/?s={search_term_string}"},"query-input":{"@type":"PropertyValueSpecification","valueRequired":true,"valueName":"search_term_string"}}],"inLanguage":"fr-FR"},{"@type":"Organization","@id":"https:\/\/sharpindustrial.es\/#organization","name":"SHARP INDUSTRIAL","url":"https:\/\/sharpindustrial.es\/","logo":{"@type":"ImageObject","inLanguage":"fr-FR","@id":"https:\/\/sharpindustrial.es\/#\/schema\/logo\/image\/","url":"https:\/\/sharpindustrial.es\/wp-content\/uploads\/2023\/03\/cuchillas-para-reciclado-industrial-knives-recycling.webp","contentUrl":"https:\/\/sharpindustrial.es\/wp-content\/uploads\/2023\/03\/cuchillas-para-reciclado-industrial-knives-recycling.webp","width":800,"height":800,"caption":"SHARP INDUSTRIAL"},"image":{"@id":"https:\/\/sharpindustrial.es\/#\/schema\/logo\/image\/"},"sameAs":["https:\/\/www.facebook.com\/profile.php?id=100075865576261","https:\/\/www.linkedin.com\/company\/sharpindustrial\/?originalSubdomain=es"]}]}},"_links":{"self":[{"href":"https:\/\/sharpindustrial.es\/fr\/wp-json\/wp\/v2\/pages\/282","targetHints":{"allow":["GET"]}}],"collection":[{"href":"https:\/\/sharpindustrial.es\/fr\/wp-json\/wp\/v2\/pages"}],"about":[{"href":"https:\/\/sharpindustrial.es\/fr\/wp-json\/wp\/v2\/types\/page"}],"author":[{"embeddable":true,"href":"https:\/\/sharpindustrial.es\/fr\/wp-json\/wp\/v2\/users\/1"}],"replies":[{"embeddable":true,"href":"https:\/\/sharpindustrial.es\/fr\/wp-json\/wp\/v2\/comments?post=282"}],"version-history":[{"count":7,"href":"https:\/\/sharpindustrial.es\/fr\/wp-json\/wp\/v2\/pages\/282\/revisions"}],"predecessor-version":[{"id":2354,"href":"https:\/\/sharpindustrial.es\/fr\/wp-json\/wp\/v2\/pages\/282\/revisions\/2354"}],"wp:attachment":[{"href":"https:\/\/sharpindustrial.es\/fr\/wp-json\/wp\/v2\/media?parent=282"}],"curies":[{"name":"wp","href":"https:\/\/api.w.org\/{rel}","templated":true}]}}