{"id":1298,"date":"2022-11-22T18:58:06","date_gmt":"2022-11-22T18:58:06","guid":{"rendered":"https:\/\/sharpindustrial.es\/?page_id=1298"},"modified":"2023-12-05T11:08:11","modified_gmt":"2023-12-05T11:08:11","slug":"sobre-nosotros","status":"publish","type":"page","link":"https:\/\/sharpindustrial.es\/fr\/sobre-nosotros\/","title":{"rendered":"Qui sommes-nous"},"content":{"rendered":"<div class=\"row align-middle\"  id=\"row-1710706103\">\n\n\t<div class=\"col small-12 large-12\"  >\n\t\t<div class=\"col-inner\"  >\n\t\t\t\n\t\t\t\n<div class=\"row\"  id=\"row-661546498\">\n\n\t<div class=\"col medium-8 small-12 large-8\"  >\n\t\t<div class=\"col-inner\"  >\n\t\t\t\n\t\t\t\n<p><span style=\"font-size: 90%;\"><em><strong>SHARP INDUSTRIAL TOOLS SL\u00a0<\/strong><\/em> est une entreprise tourn\u00e9e vers l\u2019avenir, cr\u00e9ative et responsable.<\/span><br \/>\n<span style=\"font-size: 90%;\">Notre activit\u00e9 principale est la fabrication, la commercialisation et l'aff\u00fbtage de tous types de lames industrielles ; aussi bien pour l'industrie du recyclage du plastique, des pneus et des m\u00e9taux que pour la manutention (emballage) la d\u00e9coupe du papier, du carton, du film, du bois, des t\u00f4les d'acier, des aliments, des textiles, etc.<\/span><\/p>\n<p><span style=\"font-size: 90%;\">De m\u00eame, nous fournissons \u00e9galement dans toute la p\u00e9ninsule le <a style=\"font-weight: bold;\" href=\"https:\/\/sharpindustrial.es\/fr\/maquinaria\/\">machines \u00e0 aff\u00fbter<\/a> pour aff\u00fbter les lames des broyeurs granulateurs et agglom\u00e9rateurs, cisailles, guillotines, etc.<\/span><\/p>\n<p><span style=\"font-size: 90%;\">Bien que nous soyons une entreprise relativement jeune, notre objectif est de d\u00e9velopper et de fournir des outils et des solutions hautement efficaces avec des id\u00e9es innovantes et la technologie la plus avanc\u00e9e.<\/span><br \/>\n<span style=\"font-size: 90%;\">La satisfaction de nos clients, des artisans aux entreprises industrielles mondiales, a toujours \u00e9t\u00e9 et reste au centre de nos actions.<\/span><\/p>\n<p><span style=\"font-size: 90%;\">Nous garantissons une proximit\u00e9 optimale avec nos clients et une assistance comp\u00e9tente gr\u00e2ce \u00e0 notre exp\u00e9rience dans le secteur de la vente, du service et de la production, ainsi qu'\u00e0 la haute qualification et \u00e0 la formation continue du personnel.<\/span><\/p>\n<p><span style=\"font-size: 90%;\">Nous faisons tout notre possible pour trouver la meilleure solution pour nos clients.<\/span><br \/>\n<span style=\"font-size: 90%;\">Nous disposons \u00e9galement d\u2019une excellente \u00e9quipe humaine de premi\u00e8re ligne, pr\u00eate \u00e0 garantir la confiance que vous accordez \u00e0 notre entreprise.<\/span><\/p>\n\t\t<\/div>\n\t<\/div>\n\n\t\n\n\t<div class=\"col medium-4 small-12 large-4\"  >\n\t\t<div class=\"col-inner\"  >\n\t\t\t\n\t\t\t\n\t<div class=\"img has-hover x md-x lg-x y md-y lg-y\" id=\"image_1889472811\">\n\t\t\t\t\t\t\t\t<div class=\"img-inner image-color dark\" >\n\t\t\t<img decoding=\"async\" width=\"300\" height=\"225\" src=\"https:\/\/sharpindustrial.es\/wp-content\/uploads\/2023\/01\/industrial-knives-production-sharp-industrial-300x225.jpg\" class=\"attachment-medium size-medium\" alt=\"\" srcset=\"https:\/\/sharpindustrial.es\/wp-content\/uploads\/2023\/01\/industrial-knives-production-sharp-industrial-300x225.jpg 300w, https:\/\/sharpindustrial.es\/wp-content\/uploads\/2023\/01\/industrial-knives-production-sharp-industrial-16x12.jpg 16w, https:\/\/sharpindustrial.es\/wp-content\/uploads\/2023\/01\/industrial-knives-production-sharp-industrial-48x36.jpg 48w, https:\/\/sharpindustrial.es\/wp-content\/uploads\/2023\/01\/industrial-knives-production-sharp-industrial.jpg 600w\" sizes=\"(max-width: 300px) 100vw, 300px\" \/>\t\t\t\t\t\t\t<div class=\"overlay\" style=\"background-color: rgba(186, 185, 185, 0.34)\"><\/div>\n\t\t\t\t\t\t\n\t\t\t\t\t<\/div>\n\t\t\t\t\t\t\t\t\n<style scope=\"scope\">\n\n#image_1889472811 {\n  width: 100%;\n}\n<\/style>\n\t<\/div>\n\t\n\t\t<\/div>\n\t<\/div>\n\n\t\n<\/div>\n\t\t<\/div>\n\t<\/div>\n\n\t\n\n<style scope=\"scope\">\n\n<\/style>\n<\/div>\n  <div class=\"banner-grid-wrapper\">\n  <div id=\"banner-grid-270993492\" class=\"banner-grid row row-grid row-collapse\" data-packery-options=\"\">\n                      \n<div class=\"col grid-col large-12 grid-col-1-2\" ><div class=\"col-inner\">\n\t<div class=\"img has-hover x md-x lg-x y md-y lg-y\" id=\"image_911406612\">\n\t\t\t\t\t\t\t\t<div class=\"img-inner image-color image-cover dark\" style=\"padding-top:56.25%;\">\n\t\t\t<img decoding=\"async\" width=\"1020\" height=\"680\" src=\"https:\/\/sharpindustrial.es\/wp-content\/uploads\/2023\/01\/afilado-cuchillas-industriales-ARTEC-2-1024x683.jpg\" class=\"attachment-large size-large\" alt=\"\" srcset=\"https:\/\/sharpindustrial.es\/wp-content\/uploads\/2023\/01\/afilado-cuchillas-industriales-ARTEC-2-1024x683.jpg 1024w, https:\/\/sharpindustrial.es\/wp-content\/uploads\/2023\/01\/afilado-cuchillas-industriales-ARTEC-2-300x200.jpg 300w, https:\/\/sharpindustrial.es\/wp-content\/uploads\/2023\/01\/afilado-cuchillas-industriales-ARTEC-2-768x512.jpg 768w, https:\/\/sharpindustrial.es\/wp-content\/uploads\/2023\/01\/afilado-cuchillas-industriales-ARTEC-2-1536x1024.jpg 1536w, https:\/\/sharpindustrial.es\/wp-content\/uploads\/2023\/01\/afilado-cuchillas-industriales-ARTEC-2-18x12.jpg 18w, https:\/\/sharpindustrial.es\/wp-content\/uploads\/2023\/01\/afilado-cuchillas-industriales-ARTEC-2-1320x880.jpg 1320w, https:\/\/sharpindustrial.es\/wp-content\/uploads\/2023\/01\/afilado-cuchillas-industriales-ARTEC-2-600x400.jpg 600w, https:\/\/sharpindustrial.es\/wp-content\/uploads\/2023\/01\/afilado-cuchillas-industriales-ARTEC-2-48x32.jpg 48w, https:\/\/sharpindustrial.es\/wp-content\/uploads\/2023\/01\/afilado-cuchillas-industriales-ARTEC-2.jpg 1920w\" sizes=\"(max-width: 1020px) 100vw, 1020px\" \/>\t\t\t\t\t\t\t<div class=\"overlay\" style=\"background-color: rgba(173, 173, 173, 0.37)\"><\/div>\n\t\t\t\t\t\t\n\t\t\t\t\t<\/div>\n\t\t\t\t\t\t\t\t\n<style scope=\"scope\">\n\n#image_911406612 {\n  width: 100%;\n}\n<\/style>\n\t<\/div>\n\t\n<\/div><\/div>\n<div class=\"col grid-col large-4 grid-col-1-2\" ><div class=\"col-inner\">\n\t<div class=\"img has-hover x md-x lg-x y md-y lg-y\" id=\"image_864096783\">\n\t\t\t\t\t\t\t\t<div class=\"img-inner image-color dark\" >\n\t\t\t<img decoding=\"async\" width=\"1000\" height=\"1000\" src=\"https:\/\/sharpindustrial.es\/wp-content\/uploads\/2023\/02\/industrial-knives-for-recycling-SHARP-INDUSTRIAL-SPAIN.jpg\" class=\"attachment-large size-large\" alt=\"\" srcset=\"https:\/\/sharpindustrial.es\/wp-content\/uploads\/2023\/02\/industrial-knives-for-recycling-SHARP-INDUSTRIAL-SPAIN.jpg 1000w, https:\/\/sharpindustrial.es\/wp-content\/uploads\/2023\/02\/industrial-knives-for-recycling-SHARP-INDUSTRIAL-SPAIN-300x300.jpg 300w, https:\/\/sharpindustrial.es\/wp-content\/uploads\/2023\/02\/industrial-knives-for-recycling-SHARP-INDUSTRIAL-SPAIN-150x150.jpg 150w, https:\/\/sharpindustrial.es\/wp-content\/uploads\/2023\/02\/industrial-knives-for-recycling-SHARP-INDUSTRIAL-SPAIN-768x768.jpg 768w, https:\/\/sharpindustrial.es\/wp-content\/uploads\/2023\/02\/industrial-knives-for-recycling-SHARP-INDUSTRIAL-SPAIN-12x12.jpg 12w, https:\/\/sharpindustrial.es\/wp-content\/uploads\/2023\/02\/industrial-knives-for-recycling-SHARP-INDUSTRIAL-SPAIN-600x600.jpg 600w, https:\/\/sharpindustrial.es\/wp-content\/uploads\/2023\/02\/industrial-knives-for-recycling-SHARP-INDUSTRIAL-SPAIN-100x100.jpg 100w, https:\/\/sharpindustrial.es\/wp-content\/uploads\/2023\/02\/industrial-knives-for-recycling-SHARP-INDUSTRIAL-SPAIN-48x48.jpg 48w\" sizes=\"(max-width: 1000px) 100vw, 1000px\" \/>\t\t\t\t\t\t\t<div class=\"overlay\" style=\"background-color: rgba(169, 166, 166, 0.46)\"><\/div>\n\t\t\t\t\t\t\n\t\t\t\t\t<\/div>\n\t\t\t\t\t\t\t\t\n<style scope=\"scope\">\n\n#image_864096783 {\n  width: 100%;\n}\n<\/style>\n\t<\/div>\n\t\n<\/div><\/div>\n<div class=\"col grid-col large-4 grid-col-1-2\" ><div class=\"col-inner\">\n\t<div class=\"img has-hover x md-x lg-x y md-y lg-y\" id=\"image_210996838\">\n\t\t\t\t\t\t\t\t<div class=\"img-inner image-color dark\" >\n\t\t\t<img decoding=\"async\" width=\"732\" height=\"457\" src=\"https:\/\/sharpindustrial.es\/wp-content\/uploads\/2023\/01\/fabricante-cuchillas-industriales-industrila-knives-manufacturer.png\" class=\"attachment-large size-large\" alt=\"\" srcset=\"https:\/\/sharpindustrial.es\/wp-content\/uploads\/2023\/01\/fabricante-cuchillas-industriales-industrila-knives-manufacturer.png 732w, https:\/\/sharpindustrial.es\/wp-content\/uploads\/2023\/01\/fabricante-cuchillas-industriales-industrila-knives-manufacturer-300x187.png 300w, https:\/\/sharpindustrial.es\/wp-content\/uploads\/2023\/01\/fabricante-cuchillas-industriales-industrila-knives-manufacturer-18x12.png 18w, https:\/\/sharpindustrial.es\/wp-content\/uploads\/2023\/01\/fabricante-cuchillas-industriales-industrila-knives-manufacturer-600x375.png 600w, https:\/\/sharpindustrial.es\/wp-content\/uploads\/2023\/01\/fabricante-cuchillas-industriales-industrila-knives-manufacturer-48x30.png 48w\" sizes=\"(max-width: 732px) 100vw, 732px\" \/>\t\t\t\t\t\t\t<div class=\"overlay\" style=\"background-color: rgba(175, 170, 170, 0.46)\"><\/div>\n\t\t\t\t\t\t\n\t\t\t\t\t<\/div>\n\t\t\t\t\t\t\t\t\n<style scope=\"scope\">\n\n#image_210996838 {\n  width: 100%;\n}\n<\/style>\n\t<\/div>\n\t\n<\/div><\/div>\n<div class=\"col grid-col large-4 grid-col-1-2\" ><div class=\"col-inner\">\n\t<div class=\"img has-hover x md-x lg-x y md-y lg-y\" id=\"image_665723445\">\n\t\t\t\t\t\t\t\t<div class=\"img-inner image-color dark\" >\n\t\t\t<img decoding=\"async\" width=\"600\" height=\"600\" src=\"https:\/\/sharpindustrial.es\/wp-content\/uploads\/2023\/02\/affutage-couteaux-droit.png\" class=\"attachment-large size-large\" alt=\"\" srcset=\"https:\/\/sharpindustrial.es\/wp-content\/uploads\/2023\/02\/affutage-couteaux-droit.png 600w, https:\/\/sharpindustrial.es\/wp-content\/uploads\/2023\/02\/affutage-couteaux-droit-300x300.png 300w, https:\/\/sharpindustrial.es\/wp-content\/uploads\/2023\/02\/affutage-couteaux-droit-150x150.png 150w, https:\/\/sharpindustrial.es\/wp-content\/uploads\/2023\/02\/affutage-couteaux-droit-12x12.png 12w, https:\/\/sharpindustrial.es\/wp-content\/uploads\/2023\/02\/affutage-couteaux-droit-100x100.png 100w, https:\/\/sharpindustrial.es\/wp-content\/uploads\/2023\/02\/affutage-couteaux-droit-48x48.png 48w\" sizes=\"(max-width: 600px) 100vw, 600px\" \/>\t\t\t\t\t\t\t<div class=\"overlay\" style=\"background-color: rgba(172, 171, 171, 0.45)\"><\/div>\n\t\t\t\t\t\t\n\t\t\t\t\t<\/div>\n\t\t\t\t\t\t\t\t\n<style scope=\"scope\">\n\n#image_665723445 {\n  width: 100%;\n}\n<\/style>\n\t<\/div>\n\t\n<\/div><\/div>\n            <\/div>\n    <style scope=\"scope\">\n    #banner-grid-270993492 .grid-col-1{height: 600px}\n    #banner-grid-270993492 .grid-col-1-2{height: 300px}\n    #banner-grid-270993492 .grid-col-1-3{height:200px}\n    #banner-grid-270993492 .grid-col-2-3{height: 400px}\n    #banner-grid-270993492 .grid-col-1-4{height: 150px}\n    #banner-grid-270993492 .grid-col-3-4{height: 450px}\n\n\n    \n    \n\n  <\/style>\n    <\/div>","protected":false},"excerpt":{"rendered":"","protected":false},"author":1,"featured_media":326,"parent":0,"menu_order":0,"comment_status":"closed","ping_status":"closed","template":"","meta":{"footnotes":""},"class_list":["post-1298","page","type-page","status-publish","has-post-thumbnail","hentry"],"yoast_head":"<!-- This site is optimized with the Yoast SEO plugin v27.3 - https:\/\/yoast.com\/product\/yoast-seo-wordpress\/ -->\n<title>Sobre nosotros - SHARP INDUSTRIAL knives and spare parts<\/title>\n<meta name=\"description\" content=\"Fabricaci\u00f3n, comercializaci\u00f3n y el afilado de todo tipo de cuchillas industriales y cribas de antidesgaste Hardox.\" \/>\n<meta name=\"robots\" content=\"index, follow, max-snippet:-1, max-image-preview:large, max-video-preview:-1\" \/>\n<link rel=\"canonical\" href=\"https:\/\/sharpindustrial.es\/fr\/sobre-nosotros\/\" \/>\n<meta property=\"og:locale\" content=\"fr_FR\" \/>\n<meta property=\"og:type\" content=\"article\" \/>\n<meta property=\"og:title\" content=\"Sobre nosotros - SHARP INDUSTRIAL knives and spare parts\" \/>\n<meta property=\"og:description\" content=\"Fabricaci\u00f3n, comercializaci\u00f3n y el afilado de todo tipo de cuchillas industriales y cribas de antidesgaste Hardox.\" \/>\n<meta property=\"og:url\" content=\"https:\/\/sharpindustrial.es\/fr\/sobre-nosotros\/\" \/>\n<meta property=\"og:site_name\" content=\"SHARP INDUSTRIAL knives and spare parts\" \/>\n<meta property=\"article:publisher\" content=\"https:\/\/www.facebook.com\/profile.php?id=100075865576261\" \/>\n<meta property=\"article:modified_time\" content=\"2023-12-05T11:08:11+00:00\" \/>\n<meta property=\"og:image\" content=\"http:\/\/sharpindustrial.es\/wp-content\/uploads\/2021\/12\/sharp-industrial.jpg\" \/>\n\t<meta property=\"og:image:width\" content=\"500\" \/>\n\t<meta property=\"og:image:height\" content=\"374\" \/>\n\t<meta property=\"og:image:type\" content=\"image\/jpeg\" \/>\n<meta name=\"twitter:card\" content=\"summary_large_image\" \/>\n<meta name=\"twitter:label1\" content=\"Dur\u00e9e de lecture estim\u00e9e\" \/>\n\t<meta name=\"twitter:data1\" content=\"2 minutes\" \/>\n<script type=\"application\/ld+json\" class=\"yoast-schema-graph\">{\"@context\":\"https:\\\/\\\/schema.org\",\"@graph\":[{\"@type\":\"WebPage\",\"@id\":\"https:\\\/\\\/sharpindustrial.es\\\/sobre-nosotros\\\/\",\"url\":\"https:\\\/\\\/sharpindustrial.es\\\/sobre-nosotros\\\/\",\"name\":\"Sobre nosotros - SHARP INDUSTRIAL knives and spare parts\",\"isPartOf\":{\"@id\":\"https:\\\/\\\/sharpindustrial.es\\\/#website\"},\"primaryImageOfPage\":{\"@id\":\"https:\\\/\\\/sharpindustrial.es\\\/sobre-nosotros\\\/#primaryimage\"},\"image\":{\"@id\":\"https:\\\/\\\/sharpindustrial.es\\\/sobre-nosotros\\\/#primaryimage\"},\"thumbnailUrl\":\"https:\\\/\\\/sharpindustrial.es\\\/wp-content\\\/uploads\\\/2021\\\/12\\\/sharp-industrial.jpg\",\"datePublished\":\"2022-11-22T18:58:06+00:00\",\"dateModified\":\"2023-12-05T11:08:11+00:00\",\"description\":\"Fabricaci\u00f3n, comercializaci\u00f3n y el afilado de todo tipo de cuchillas industriales y cribas de antidesgaste Hardox.\",\"breadcrumb\":{\"@id\":\"https:\\\/\\\/sharpindustrial.es\\\/sobre-nosotros\\\/#breadcrumb\"},\"inLanguage\":\"fr-FR\",\"potentialAction\":[{\"@type\":\"ReadAction\",\"target\":[\"https:\\\/\\\/sharpindustrial.es\\\/sobre-nosotros\\\/\"]}]},{\"@type\":\"ImageObject\",\"inLanguage\":\"fr-FR\",\"@id\":\"https:\\\/\\\/sharpindustrial.es\\\/sobre-nosotros\\\/#primaryimage\",\"url\":\"https:\\\/\\\/sharpindustrial.es\\\/wp-content\\\/uploads\\\/2021\\\/12\\\/sharp-industrial.jpg\",\"contentUrl\":\"https:\\\/\\\/sharpindustrial.es\\\/wp-content\\\/uploads\\\/2021\\\/12\\\/sharp-industrial.jpg\",\"width\":500,\"height\":374},{\"@type\":\"BreadcrumbList\",\"@id\":\"https:\\\/\\\/sharpindustrial.es\\\/sobre-nosotros\\\/#breadcrumb\",\"itemListElement\":[{\"@type\":\"ListItem\",\"position\":1,\"name\":\"Portada\",\"item\":\"https:\\\/\\\/sharpindustrial.es\\\/\"},{\"@type\":\"ListItem\",\"position\":2,\"name\":\"Sobre nosotros\"}]},{\"@type\":\"WebSite\",\"@id\":\"https:\\\/\\\/sharpindustrial.es\\\/#website\",\"url\":\"https:\\\/\\\/sharpindustrial.es\\\/\",\"name\":\"SHARP INDUSTRIAL knives and spare parts\",\"description\":\"Cuchillas industriales y repuestos, Industrial knives and machine blades, spare parts\",\"publisher\":{\"@id\":\"https:\\\/\\\/sharpindustrial.es\\\/#organization\"},\"potentialAction\":[{\"@type\":\"SearchAction\",\"target\":{\"@type\":\"EntryPoint\",\"urlTemplate\":\"https:\\\/\\\/sharpindustrial.es\\\/?s={search_term_string}\"},\"query-input\":{\"@type\":\"PropertyValueSpecification\",\"valueRequired\":true,\"valueName\":\"search_term_string\"}}],\"inLanguage\":\"fr-FR\"},{\"@type\":\"Organization\",\"@id\":\"https:\\\/\\\/sharpindustrial.es\\\/#organization\",\"name\":\"SHARP INDUSTRIAL\",\"url\":\"https:\\\/\\\/sharpindustrial.es\\\/\",\"logo\":{\"@type\":\"ImageObject\",\"inLanguage\":\"fr-FR\",\"@id\":\"https:\\\/\\\/sharpindustrial.es\\\/#\\\/schema\\\/logo\\\/image\\\/\",\"url\":\"https:\\\/\\\/sharpindustrial.es\\\/wp-content\\\/uploads\\\/2023\\\/03\\\/cuchillas-para-reciclado-industrial-knives-recycling.webp\",\"contentUrl\":\"https:\\\/\\\/sharpindustrial.es\\\/wp-content\\\/uploads\\\/2023\\\/03\\\/cuchillas-para-reciclado-industrial-knives-recycling.webp\",\"width\":800,\"height\":800,\"caption\":\"SHARP INDUSTRIAL\"},\"image\":{\"@id\":\"https:\\\/\\\/sharpindustrial.es\\\/#\\\/schema\\\/logo\\\/image\\\/\"},\"sameAs\":[\"https:\\\/\\\/www.facebook.com\\\/profile.php?id=100075865576261\",\"https:\\\/\\\/www.linkedin.com\\\/company\\\/sharpindustrial\\\/?originalSubdomain=es\"]}]}<\/script>\n<!-- \/ Yoast SEO plugin. -->","yoast_head_json":{"title":"Sobre nosotros - SHARP INDUSTRIAL knives and spare parts","description":"Fabricaci\u00f3n, comercializaci\u00f3n y el afilado de todo tipo de cuchillas industriales y cribas de antidesgaste Hardox.","robots":{"index":"index","follow":"follow","max-snippet":"max-snippet:-1","max-image-preview":"max-image-preview:large","max-video-preview":"max-video-preview:-1"},"canonical":"https:\/\/sharpindustrial.es\/fr\/sobre-nosotros\/","og_locale":"fr_FR","og_type":"article","og_title":"Sobre nosotros - SHARP INDUSTRIAL knives and spare parts","og_description":"Fabricaci\u00f3n, comercializaci\u00f3n y el afilado de todo tipo de cuchillas industriales y cribas de antidesgaste Hardox.","og_url":"https:\/\/sharpindustrial.es\/fr\/sobre-nosotros\/","og_site_name":"SHARP INDUSTRIAL knives and spare parts","article_publisher":"https:\/\/www.facebook.com\/profile.php?id=100075865576261","article_modified_time":"2023-12-05T11:08:11+00:00","og_image":[{"width":500,"height":374,"url":"http:\/\/sharpindustrial.es\/wp-content\/uploads\/2021\/12\/sharp-industrial.jpg","type":"image\/jpeg"}],"twitter_card":"summary_large_image","twitter_misc":{"Dur\u00e9e de lecture estim\u00e9e":"2 minutes"},"schema":{"@context":"https:\/\/schema.org","@graph":[{"@type":"WebPage","@id":"https:\/\/sharpindustrial.es\/sobre-nosotros\/","url":"https:\/\/sharpindustrial.es\/sobre-nosotros\/","name":"Sobre nosotros - SHARP INDUSTRIAL knives and spare parts","isPartOf":{"@id":"https:\/\/sharpindustrial.es\/#website"},"primaryImageOfPage":{"@id":"https:\/\/sharpindustrial.es\/sobre-nosotros\/#primaryimage"},"image":{"@id":"https:\/\/sharpindustrial.es\/sobre-nosotros\/#primaryimage"},"thumbnailUrl":"https:\/\/sharpindustrial.es\/wp-content\/uploads\/2021\/12\/sharp-industrial.jpg","datePublished":"2022-11-22T18:58:06+00:00","dateModified":"2023-12-05T11:08:11+00:00","description":"Fabricaci\u00f3n, comercializaci\u00f3n y el afilado de todo tipo de cuchillas industriales y cribas de antidesgaste Hardox.","breadcrumb":{"@id":"https:\/\/sharpindustrial.es\/sobre-nosotros\/#breadcrumb"},"inLanguage":"fr-FR","potentialAction":[{"@type":"ReadAction","target":["https:\/\/sharpindustrial.es\/sobre-nosotros\/"]}]},{"@type":"ImageObject","inLanguage":"fr-FR","@id":"https:\/\/sharpindustrial.es\/sobre-nosotros\/#primaryimage","url":"https:\/\/sharpindustrial.es\/wp-content\/uploads\/2021\/12\/sharp-industrial.jpg","contentUrl":"https:\/\/sharpindustrial.es\/wp-content\/uploads\/2021\/12\/sharp-industrial.jpg","width":500,"height":374},{"@type":"BreadcrumbList","@id":"https:\/\/sharpindustrial.es\/sobre-nosotros\/#breadcrumb","itemListElement":[{"@type":"ListItem","position":1,"name":"Portada","item":"https:\/\/sharpindustrial.es\/"},{"@type":"ListItem","position":2,"name":"Sobre nosotros"}]},{"@type":"WebSite","@id":"https:\/\/sharpindustrial.es\/#website","url":"https:\/\/sharpindustrial.es\/","name":"SHARP INDUSTRIAL knives and spare parts","description":"Cuchillas industriales y repuestos, Industrial knives and machine blades, spare parts","publisher":{"@id":"https:\/\/sharpindustrial.es\/#organization"},"potentialAction":[{"@type":"SearchAction","target":{"@type":"EntryPoint","urlTemplate":"https:\/\/sharpindustrial.es\/?s={search_term_string}"},"query-input":{"@type":"PropertyValueSpecification","valueRequired":true,"valueName":"search_term_string"}}],"inLanguage":"fr-FR"},{"@type":"Organization","@id":"https:\/\/sharpindustrial.es\/#organization","name":"SHARP INDUSTRIAL","url":"https:\/\/sharpindustrial.es\/","logo":{"@type":"ImageObject","inLanguage":"fr-FR","@id":"https:\/\/sharpindustrial.es\/#\/schema\/logo\/image\/","url":"https:\/\/sharpindustrial.es\/wp-content\/uploads\/2023\/03\/cuchillas-para-reciclado-industrial-knives-recycling.webp","contentUrl":"https:\/\/sharpindustrial.es\/wp-content\/uploads\/2023\/03\/cuchillas-para-reciclado-industrial-knives-recycling.webp","width":800,"height":800,"caption":"SHARP INDUSTRIAL"},"image":{"@id":"https:\/\/sharpindustrial.es\/#\/schema\/logo\/image\/"},"sameAs":["https:\/\/www.facebook.com\/profile.php?id=100075865576261","https:\/\/www.linkedin.com\/company\/sharpindustrial\/?originalSubdomain=es"]}]}},"_links":{"self":[{"href":"https:\/\/sharpindustrial.es\/fr\/wp-json\/wp\/v2\/pages\/1298","targetHints":{"allow":["GET"]}}],"collection":[{"href":"https:\/\/sharpindustrial.es\/fr\/wp-json\/wp\/v2\/pages"}],"about":[{"href":"https:\/\/sharpindustrial.es\/fr\/wp-json\/wp\/v2\/types\/page"}],"author":[{"embeddable":true,"href":"https:\/\/sharpindustrial.es\/fr\/wp-json\/wp\/v2\/users\/1"}],"replies":[{"embeddable":true,"href":"https:\/\/sharpindustrial.es\/fr\/wp-json\/wp\/v2\/comments?post=1298"}],"version-history":[{"count":21,"href":"https:\/\/sharpindustrial.es\/fr\/wp-json\/wp\/v2\/pages\/1298\/revisions"}],"predecessor-version":[{"id":2353,"href":"https:\/\/sharpindustrial.es\/fr\/wp-json\/wp\/v2\/pages\/1298\/revisions\/2353"}],"wp:featuredmedia":[{"embeddable":true,"href":"https:\/\/sharpindustrial.es\/fr\/wp-json\/wp\/v2\/media\/326"}],"wp:attachment":[{"href":"https:\/\/sharpindustrial.es\/fr\/wp-json\/wp\/v2\/media?parent=1298"}],"curies":[{"name":"wp","href":"https:\/\/api.w.org\/{rel}","templated":true}]}}